{"id":4716,"date":"2025-10-16T09:22:48","date_gmt":"2025-10-16T07:22:48","guid":{"rendered":"http:\/\/s846434968.mialojamiento.es\/?post_type=product&#038;p=4716"},"modified":"2025-11-19T09:16:30","modified_gmt":"2025-11-19T08:16:30","slug":"online-course-in-laser-prostate-enucleation-copia","status":"publish","type":"product","link":"https:\/\/www.urology3d.com\/en\/producto\/online-course-in-laser-prostate-enucleation-copia\/","title":{"rendered":"In-Person Course on Laser Prostate Enucleation"},"content":{"rendered":"<p>Participants train directly on <strong>hyper-realistic ProstaSim anatomical models<\/strong>, developed by expert urologists, which accurately reproduce realistic dissection sensations and planes. This methodology allows participants to <strong>gain confidence, improve bimanual coordination, and shorten the learning curve<\/strong> in a safe and controlled environment. <\/p>\n<p>Aimed at urologists in training and specialists interested in perfecting their mastery of<strong> laser enucleation techniques<\/strong>, under the supervision of surgeons with extensive clinical and teaching experience.<\/p>\n","protected":false},"excerpt":{"rendered":"<p>Our in-person courses offer i<strong>ntensive, hands-on training<\/strong> in the <strong>laser prostate enucleation technique,<\/strong> covering all aspects of the procedure, from surgical anatomy to optimizing intraoperative performance. <strong>COMING SOON<\/strong><\/p>\n","protected":false},"featured_media":3106,"template":"","meta":{"_acf_changed":false},"product_brand":[],"product_cat":[50],"product_tag":[],"class_list":{"0":"post-4716","1":"product","2":"type-product","3":"status-publish","4":"has-post-thumbnail","6":"product_cat-courses","8":"first","9":"outofstock","10":"taxable","11":"shipping-taxable","12":"purchasable","13":"product-type-simple"},"acf":[],"yoast_head":"<!-- This site is optimized with the Yoast SEO plugin v27.3 - https:\/\/yoast.com\/product\/yoast-seo-wordpress\/ -->\n<title>In-Person Course on Laser Prostate Enucleation - Urology3D<\/title>\n<meta name=\"description\" content=\"Practical and intensive training course on laser prostate enucleation technique at Urology3d on hyper-realistic anatomical ProstaSim models\" \/>\n<meta name=\"robots\" content=\"index, follow, max-snippet:-1, max-image-preview:large, max-video-preview:-1\" \/>\n<link rel=\"canonical\" href=\"https:\/\/www.urology3d.com\/en\/producto\/online-course-in-laser-prostate-enucleation-copia\/\" \/>\n<meta property=\"og:locale\" content=\"en_US\" \/>\n<meta property=\"og:type\" content=\"article\" \/>\n<meta property=\"og:title\" content=\"In-Person Course on Laser Prostate Enucleation\" \/>\n<meta property=\"og:description\" content=\"Practical and intensive training course on laser prostate enucleation technique at Urology3d on hyper-realistic anatomical ProstaSim models\" \/>\n<meta property=\"og:url\" content=\"https:\/\/www.urology3d.com\/en\/producto\/online-course-in-laser-prostate-enucleation-copia\/\" \/>\n<meta property=\"og:site_name\" content=\"Urology3D\" \/>\n<meta property=\"article:modified_time\" content=\"2025-11-19T08:16:30+00:00\" \/>\n<meta property=\"og:image\" content=\"https:\/\/urology3d.com\/wp-content\/uploads\/2025\/09\/Logo-uro-scaled.png\" \/>\n<meta name=\"twitter:card\" content=\"summary_large_image\" \/>\n<script type=\"application\/ld+json\" class=\"yoast-schema-graph\">{\"@context\":\"https:\\\/\\\/schema.org\",\"@graph\":[{\"@type\":\"WebPage\",\"@id\":\"https:\\\/\\\/www.urology3d.com\\\/en\\\/producto\\\/online-course-in-laser-prostate-enucleation-copia\\\/\",\"url\":\"https:\\\/\\\/www.urology3d.com\\\/en\\\/producto\\\/online-course-in-laser-prostate-enucleation-copia\\\/\",\"name\":\"In-Person Course on Laser Prostate Enucleation - Urology3D\",\"isPartOf\":{\"@id\":\"https:\\\/\\\/www.urology3d.com\\\/en\\\/#website\"},\"primaryImageOfPage\":{\"@id\":\"https:\\\/\\\/www.urology3d.com\\\/en\\\/producto\\\/online-course-in-laser-prostate-enucleation-copia\\\/#primaryimage\"},\"image\":{\"@id\":\"https:\\\/\\\/www.urology3d.com\\\/en\\\/producto\\\/online-course-in-laser-prostate-enucleation-copia\\\/#primaryimage\"},\"thumbnailUrl\":\"https:\\\/\\\/www.urology3d.com\\\/wp-content\\\/uploads\\\/2025\\\/07\\\/Foto-1-2.jpg\",\"datePublished\":\"2025-10-16T07:22:48+00:00\",\"dateModified\":\"2025-11-19T08:16:30+00:00\",\"description\":\"Practical and intensive training course on laser prostate enucleation technique at Urology3d on hyper-realistic anatomical ProstaSim models\",\"breadcrumb\":{\"@id\":\"https:\\\/\\\/www.urology3d.com\\\/en\\\/producto\\\/online-course-in-laser-prostate-enucleation-copia\\\/#breadcrumb\"},\"inLanguage\":\"en-US\",\"potentialAction\":[{\"@type\":\"ReadAction\",\"target\":[\"https:\\\/\\\/www.urology3d.com\\\/en\\\/producto\\\/online-course-in-laser-prostate-enucleation-copia\\\/\"]}]},{\"@type\":\"ImageObject\",\"inLanguage\":\"en-US\",\"@id\":\"https:\\\/\\\/www.urology3d.com\\\/en\\\/producto\\\/online-course-in-laser-prostate-enucleation-copia\\\/#primaryimage\",\"url\":\"https:\\\/\\\/www.urology3d.com\\\/wp-content\\\/uploads\\\/2025\\\/07\\\/Foto-1-2.jpg\",\"contentUrl\":\"https:\\\/\\\/www.urology3d.com\\\/wp-content\\\/uploads\\\/2025\\\/07\\\/Foto-1-2.jpg\",\"width\":2254,\"height\":1290},{\"@type\":\"BreadcrumbList\",\"@id\":\"https:\\\/\\\/www.urology3d.com\\\/en\\\/producto\\\/online-course-in-laser-prostate-enucleation-copia\\\/#breadcrumb\",\"itemListElement\":[{\"@type\":\"ListItem\",\"position\":1,\"name\":\"Portada\",\"item\":\"https:\\\/\\\/www.urology3d.com\\\/en\\\/\"},{\"@type\":\"ListItem\",\"position\":2,\"name\":\"Store\",\"item\":\"https:\\\/\\\/www.urology3d.com\\\/tienda\\\/\"},{\"@type\":\"ListItem\",\"position\":3,\"name\":\"In-Person Course on Laser Prostate Enucleation\"}]},{\"@type\":\"WebSite\",\"@id\":\"https:\\\/\\\/www.urology3d.com\\\/en\\\/#website\",\"url\":\"https:\\\/\\\/www.urology3d.com\\\/en\\\/\",\"name\":\"Urology3D\",\"description\":\"Urology3D equipos y cursos de formaci\u00f3n quir\u00fargica para la urolog\u00eda\",\"publisher\":{\"@id\":\"https:\\\/\\\/www.urology3d.com\\\/en\\\/#organization\"},\"potentialAction\":[{\"@type\":\"SearchAction\",\"target\":{\"@type\":\"EntryPoint\",\"urlTemplate\":\"https:\\\/\\\/www.urology3d.com\\\/en\\\/?s={search_term_string}\"},\"query-input\":{\"@type\":\"PropertyValueSpecification\",\"valueRequired\":true,\"valueName\":\"search_term_string\"}}],\"inLanguage\":\"en-US\"},{\"@type\":\"Organization\",\"@id\":\"https:\\\/\\\/www.urology3d.com\\\/en\\\/#organization\",\"name\":\"Urology3D\",\"url\":\"https:\\\/\\\/www.urology3d.com\\\/en\\\/\",\"logo\":{\"@type\":\"ImageObject\",\"inLanguage\":\"en-US\",\"@id\":\"https:\\\/\\\/www.urology3d.com\\\/en\\\/#\\\/schema\\\/logo\\\/image\\\/\",\"url\":\"https:\\\/\\\/www.urology3d.com\\\/wp-content\\\/uploads\\\/2025\\\/04\\\/Imagen1.webp\",\"contentUrl\":\"https:\\\/\\\/www.urology3d.com\\\/wp-content\\\/uploads\\\/2025\\\/04\\\/Imagen1.webp\",\"width\":930,\"height\":210,\"caption\":\"Urology3D\"},\"image\":{\"@id\":\"https:\\\/\\\/www.urology3d.com\\\/en\\\/#\\\/schema\\\/logo\\\/image\\\/\"}}]}<\/script>\n<!-- \/ Yoast SEO plugin. -->","yoast_head_json":{"title":"In-Person Course on Laser Prostate Enucleation - Urology3D","description":"Practical and intensive training course on laser prostate enucleation technique at Urology3d on hyper-realistic anatomical ProstaSim models","robots":{"index":"index","follow":"follow","max-snippet":"max-snippet:-1","max-image-preview":"max-image-preview:large","max-video-preview":"max-video-preview:-1"},"canonical":"https:\/\/www.urology3d.com\/en\/producto\/online-course-in-laser-prostate-enucleation-copia\/","og_locale":"en_US","og_type":"article","og_title":"In-Person Course on Laser Prostate Enucleation","og_description":"Practical and intensive training course on laser prostate enucleation technique at Urology3d on hyper-realistic anatomical ProstaSim models","og_url":"https:\/\/www.urology3d.com\/en\/producto\/online-course-in-laser-prostate-enucleation-copia\/","og_site_name":"Urology3D","article_modified_time":"2025-11-19T08:16:30+00:00","og_image":[{"url":"https:\/\/urology3d.com\/wp-content\/uploads\/2025\/09\/Logo-uro-scaled.png","type":"","width":"","height":""}],"twitter_card":"summary_large_image","schema":{"@context":"https:\/\/schema.org","@graph":[{"@type":"WebPage","@id":"https:\/\/www.urology3d.com\/en\/producto\/online-course-in-laser-prostate-enucleation-copia\/","url":"https:\/\/www.urology3d.com\/en\/producto\/online-course-in-laser-prostate-enucleation-copia\/","name":"In-Person Course on Laser Prostate Enucleation - Urology3D","isPartOf":{"@id":"https:\/\/www.urology3d.com\/en\/#website"},"primaryImageOfPage":{"@id":"https:\/\/www.urology3d.com\/en\/producto\/online-course-in-laser-prostate-enucleation-copia\/#primaryimage"},"image":{"@id":"https:\/\/www.urology3d.com\/en\/producto\/online-course-in-laser-prostate-enucleation-copia\/#primaryimage"},"thumbnailUrl":"https:\/\/www.urology3d.com\/wp-content\/uploads\/2025\/07\/Foto-1-2.jpg","datePublished":"2025-10-16T07:22:48+00:00","dateModified":"2025-11-19T08:16:30+00:00","description":"Practical and intensive training course on laser prostate enucleation technique at Urology3d on hyper-realistic anatomical ProstaSim models","breadcrumb":{"@id":"https:\/\/www.urology3d.com\/en\/producto\/online-course-in-laser-prostate-enucleation-copia\/#breadcrumb"},"inLanguage":"en-US","potentialAction":[{"@type":"ReadAction","target":["https:\/\/www.urology3d.com\/en\/producto\/online-course-in-laser-prostate-enucleation-copia\/"]}]},{"@type":"ImageObject","inLanguage":"en-US","@id":"https:\/\/www.urology3d.com\/en\/producto\/online-course-in-laser-prostate-enucleation-copia\/#primaryimage","url":"https:\/\/www.urology3d.com\/wp-content\/uploads\/2025\/07\/Foto-1-2.jpg","contentUrl":"https:\/\/www.urology3d.com\/wp-content\/uploads\/2025\/07\/Foto-1-2.jpg","width":2254,"height":1290},{"@type":"BreadcrumbList","@id":"https:\/\/www.urology3d.com\/en\/producto\/online-course-in-laser-prostate-enucleation-copia\/#breadcrumb","itemListElement":[{"@type":"ListItem","position":1,"name":"Portada","item":"https:\/\/www.urology3d.com\/en\/"},{"@type":"ListItem","position":2,"name":"Store","item":"https:\/\/www.urology3d.com\/tienda\/"},{"@type":"ListItem","position":3,"name":"In-Person Course on Laser Prostate Enucleation"}]},{"@type":"WebSite","@id":"https:\/\/www.urology3d.com\/en\/#website","url":"https:\/\/www.urology3d.com\/en\/","name":"Urology3D","description":"Urology3D equipos y cursos de formaci\u00f3n quir\u00fargica para la urolog\u00eda","publisher":{"@id":"https:\/\/www.urology3d.com\/en\/#organization"},"potentialAction":[{"@type":"SearchAction","target":{"@type":"EntryPoint","urlTemplate":"https:\/\/www.urology3d.com\/en\/?s={search_term_string}"},"query-input":{"@type":"PropertyValueSpecification","valueRequired":true,"valueName":"search_term_string"}}],"inLanguage":"en-US"},{"@type":"Organization","@id":"https:\/\/www.urology3d.com\/en\/#organization","name":"Urology3D","url":"https:\/\/www.urology3d.com\/en\/","logo":{"@type":"ImageObject","inLanguage":"en-US","@id":"https:\/\/www.urology3d.com\/en\/#\/schema\/logo\/image\/","url":"https:\/\/www.urology3d.com\/wp-content\/uploads\/2025\/04\/Imagen1.webp","contentUrl":"https:\/\/www.urology3d.com\/wp-content\/uploads\/2025\/04\/Imagen1.webp","width":930,"height":210,"caption":"Urology3D"},"image":{"@id":"https:\/\/www.urology3d.com\/en\/#\/schema\/logo\/image\/"}}]}},"_links":{"self":[{"href":"https:\/\/www.urology3d.com\/en\/wp-json\/wp\/v2\/product\/4716","targetHints":{"allow":["GET"]}}],"collection":[{"href":"https:\/\/www.urology3d.com\/en\/wp-json\/wp\/v2\/product"}],"about":[{"href":"https:\/\/www.urology3d.com\/en\/wp-json\/wp\/v2\/types\/product"}],"version-history":[{"count":4,"href":"https:\/\/www.urology3d.com\/en\/wp-json\/wp\/v2\/product\/4716\/revisions"}],"predecessor-version":[{"id":5217,"href":"https:\/\/www.urology3d.com\/en\/wp-json\/wp\/v2\/product\/4716\/revisions\/5217"}],"wp:featuredmedia":[{"embeddable":true,"href":"https:\/\/www.urology3d.com\/en\/wp-json\/wp\/v2\/media\/3106"}],"wp:attachment":[{"href":"https:\/\/www.urology3d.com\/en\/wp-json\/wp\/v2\/media?parent=4716"}],"wp:term":[{"taxonomy":"product_brand","embeddable":true,"href":"https:\/\/www.urology3d.com\/en\/wp-json\/wp\/v2\/product_brand?post=4716"},{"taxonomy":"product_cat","embeddable":true,"href":"https:\/\/www.urology3d.com\/en\/wp-json\/wp\/v2\/product_cat?post=4716"},{"taxonomy":"product_tag","embeddable":true,"href":"https:\/\/www.urology3d.com\/en\/wp-json\/wp\/v2\/product_tag?post=4716"}],"curies":[{"name":"wp","href":"https:\/\/api.w.org\/{rel}","templated":true}]}}