{"id":4484,"date":"2025-10-10T12:01:14","date_gmt":"2025-10-10T10:01:14","guid":{"rendered":"http:\/\/s846434968.mialojamiento.es\/?post_type=product&#038;p=4484"},"modified":"2026-03-10T14:34:51","modified_gmt":"2026-03-10T13:34:51","slug":"laparostopic-training-kit-copia","status":"publish","type":"product","link":"https:\/\/www.urology3d.com\/en\/producto\/laparostopic-training-kit-copia\/","title":{"rendered":"Pyeloplasty Training Kit"},"content":{"rendered":"<p>The kit includes:<\/p>\n<ul>\n<li>2 renal pelvis replacements with silicone ureter<\/li>\n<li>Universal support base<\/li>\n<li>Anchor clamps<\/li>\n<\/ul>\n<p>&nbsp;<\/p>\n<p>Its design allows repeated <strong>dissection, suturing and anastomosis<\/strong>, faithfully reproducing surgical conditions in a safe and controlled environment.<\/p>\n<p>It is presented as an <strong>economical, versatile and highly effective<\/strong> tool for training in urological reconstructive surgery.<\/p>\n","protected":false},"excerpt":{"rendered":"<p>The <strong>Pyeloplasty Kit<\/strong> is designed for learning and perfecting ureteropelvic junction reconstruction, offering realistic, accessible equipment tailored to the needs of residents and surgeons in training.<\/p>\n","protected":false},"featured_media":4486,"template":"","meta":{"_acf_changed":false},"product_brand":[],"product_cat":[46],"product_tag":[],"class_list":{"0":"post-4484","1":"product","2":"type-product","3":"status-publish","4":"has-post-thumbnail","6":"product_cat-products","8":"first","9":"instock","10":"taxable","11":"shipping-taxable","12":"purchasable","13":"product-type-simple"},"acf":[],"yoast_head":"<!-- This site is optimized with the Yoast SEO plugin v27.3 - https:\/\/yoast.com\/product\/yoast-seo-wordpress\/ -->\n<title>Pyeloplasty Training Kit - Urology3D<\/title>\n<meta name=\"description\" content=\"Pyeloplasty kit designed for learning and perfecting the reconstruction of the ureteropelvic junction, offering realistic material\" \/>\n<meta name=\"robots\" content=\"index, follow, max-snippet:-1, max-image-preview:large, max-video-preview:-1\" \/>\n<link rel=\"canonical\" href=\"https:\/\/www.urology3d.com\/en\/producto\/laparostopic-training-kit-copia\/\" \/>\n<meta property=\"og:locale\" content=\"en_US\" \/>\n<meta property=\"og:type\" content=\"article\" \/>\n<meta property=\"og:title\" content=\"Pyeloplasty Training Kit\" \/>\n<meta property=\"og:description\" content=\"Pyeloplasty kit designed for learning and perfecting the reconstruction of the ureteropelvic junction, offering realistic material\" \/>\n<meta property=\"og:url\" content=\"https:\/\/www.urology3d.com\/en\/producto\/laparostopic-training-kit-copia\/\" \/>\n<meta property=\"og:site_name\" content=\"Urology3D\" \/>\n<meta property=\"article:modified_time\" content=\"2026-03-10T13:34:51+00:00\" \/>\n<meta property=\"og:image\" content=\"https:\/\/urology3d.com\/wp-content\/uploads\/2025\/09\/Logo-uro-scaled.png\" \/>\n<meta name=\"twitter:card\" content=\"summary_large_image\" \/>\n<script type=\"application\/ld+json\" class=\"yoast-schema-graph\">{\"@context\":\"https:\\\/\\\/schema.org\",\"@graph\":[{\"@type\":\"WebPage\",\"@id\":\"https:\\\/\\\/www.urology3d.com\\\/en\\\/producto\\\/laparostopic-training-kit-copia\\\/\",\"url\":\"https:\\\/\\\/www.urology3d.com\\\/en\\\/producto\\\/laparostopic-training-kit-copia\\\/\",\"name\":\"Pyeloplasty Training Kit - Urology3D\",\"isPartOf\":{\"@id\":\"https:\\\/\\\/www.urology3d.com\\\/en\\\/#website\"},\"primaryImageOfPage\":{\"@id\":\"https:\\\/\\\/www.urology3d.com\\\/en\\\/producto\\\/laparostopic-training-kit-copia\\\/#primaryimage\"},\"image\":{\"@id\":\"https:\\\/\\\/www.urology3d.com\\\/en\\\/producto\\\/laparostopic-training-kit-copia\\\/#primaryimage\"},\"thumbnailUrl\":\"https:\\\/\\\/www.urology3d.com\\\/wp-content\\\/uploads\\\/2025\\\/10\\\/pieroplastia1.jpg\",\"datePublished\":\"2025-10-10T10:01:14+00:00\",\"dateModified\":\"2026-03-10T13:34:51+00:00\",\"description\":\"Pyeloplasty kit designed for learning and perfecting the reconstruction of the ureteropelvic junction, offering realistic material\",\"breadcrumb\":{\"@id\":\"https:\\\/\\\/www.urology3d.com\\\/en\\\/producto\\\/laparostopic-training-kit-copia\\\/#breadcrumb\"},\"inLanguage\":\"en-US\",\"potentialAction\":[{\"@type\":\"ReadAction\",\"target\":[\"https:\\\/\\\/www.urology3d.com\\\/en\\\/producto\\\/laparostopic-training-kit-copia\\\/\"]}]},{\"@type\":\"ImageObject\",\"inLanguage\":\"en-US\",\"@id\":\"https:\\\/\\\/www.urology3d.com\\\/en\\\/producto\\\/laparostopic-training-kit-copia\\\/#primaryimage\",\"url\":\"https:\\\/\\\/www.urology3d.com\\\/wp-content\\\/uploads\\\/2025\\\/10\\\/pieroplastia1.jpg\",\"contentUrl\":\"https:\\\/\\\/www.urology3d.com\\\/wp-content\\\/uploads\\\/2025\\\/10\\\/pieroplastia1.jpg\",\"width\":2268,\"height\":2268},{\"@type\":\"BreadcrumbList\",\"@id\":\"https:\\\/\\\/www.urology3d.com\\\/en\\\/producto\\\/laparostopic-training-kit-copia\\\/#breadcrumb\",\"itemListElement\":[{\"@type\":\"ListItem\",\"position\":1,\"name\":\"Portada\",\"item\":\"https:\\\/\\\/www.urology3d.com\\\/en\\\/\"},{\"@type\":\"ListItem\",\"position\":2,\"name\":\"Store\",\"item\":\"https:\\\/\\\/www.urology3d.com\\\/tienda\\\/\"},{\"@type\":\"ListItem\",\"position\":3,\"name\":\"Pyeloplasty Training Kit\"}]},{\"@type\":\"WebSite\",\"@id\":\"https:\\\/\\\/www.urology3d.com\\\/en\\\/#website\",\"url\":\"https:\\\/\\\/www.urology3d.com\\\/en\\\/\",\"name\":\"Urology3D\",\"description\":\"Urology3D equipos y cursos de formaci\u00f3n quir\u00fargica para la urolog\u00eda\",\"publisher\":{\"@id\":\"https:\\\/\\\/www.urology3d.com\\\/en\\\/#organization\"},\"potentialAction\":[{\"@type\":\"SearchAction\",\"target\":{\"@type\":\"EntryPoint\",\"urlTemplate\":\"https:\\\/\\\/www.urology3d.com\\\/en\\\/?s={search_term_string}\"},\"query-input\":{\"@type\":\"PropertyValueSpecification\",\"valueRequired\":true,\"valueName\":\"search_term_string\"}}],\"inLanguage\":\"en-US\"},{\"@type\":\"Organization\",\"@id\":\"https:\\\/\\\/www.urology3d.com\\\/en\\\/#organization\",\"name\":\"Urology3D\",\"url\":\"https:\\\/\\\/www.urology3d.com\\\/en\\\/\",\"logo\":{\"@type\":\"ImageObject\",\"inLanguage\":\"en-US\",\"@id\":\"https:\\\/\\\/www.urology3d.com\\\/en\\\/#\\\/schema\\\/logo\\\/image\\\/\",\"url\":\"https:\\\/\\\/www.urology3d.com\\\/wp-content\\\/uploads\\\/2025\\\/04\\\/Imagen1.webp\",\"contentUrl\":\"https:\\\/\\\/www.urology3d.com\\\/wp-content\\\/uploads\\\/2025\\\/04\\\/Imagen1.webp\",\"width\":930,\"height\":210,\"caption\":\"Urology3D\"},\"image\":{\"@id\":\"https:\\\/\\\/www.urology3d.com\\\/en\\\/#\\\/schema\\\/logo\\\/image\\\/\"}}]}<\/script>\n<!-- \/ Yoast SEO plugin. -->","yoast_head_json":{"title":"Pyeloplasty Training Kit - Urology3D","description":"Pyeloplasty kit designed for learning and perfecting the reconstruction of the ureteropelvic junction, offering realistic material","robots":{"index":"index","follow":"follow","max-snippet":"max-snippet:-1","max-image-preview":"max-image-preview:large","max-video-preview":"max-video-preview:-1"},"canonical":"https:\/\/www.urology3d.com\/en\/producto\/laparostopic-training-kit-copia\/","og_locale":"en_US","og_type":"article","og_title":"Pyeloplasty Training Kit","og_description":"Pyeloplasty kit designed for learning and perfecting the reconstruction of the ureteropelvic junction, offering realistic material","og_url":"https:\/\/www.urology3d.com\/en\/producto\/laparostopic-training-kit-copia\/","og_site_name":"Urology3D","article_modified_time":"2026-03-10T13:34:51+00:00","og_image":[{"url":"https:\/\/urology3d.com\/wp-content\/uploads\/2025\/09\/Logo-uro-scaled.png","type":"","width":"","height":""}],"twitter_card":"summary_large_image","schema":{"@context":"https:\/\/schema.org","@graph":[{"@type":"WebPage","@id":"https:\/\/www.urology3d.com\/en\/producto\/laparostopic-training-kit-copia\/","url":"https:\/\/www.urology3d.com\/en\/producto\/laparostopic-training-kit-copia\/","name":"Pyeloplasty Training Kit - Urology3D","isPartOf":{"@id":"https:\/\/www.urology3d.com\/en\/#website"},"primaryImageOfPage":{"@id":"https:\/\/www.urology3d.com\/en\/producto\/laparostopic-training-kit-copia\/#primaryimage"},"image":{"@id":"https:\/\/www.urology3d.com\/en\/producto\/laparostopic-training-kit-copia\/#primaryimage"},"thumbnailUrl":"https:\/\/www.urology3d.com\/wp-content\/uploads\/2025\/10\/pieroplastia1.jpg","datePublished":"2025-10-10T10:01:14+00:00","dateModified":"2026-03-10T13:34:51+00:00","description":"Pyeloplasty kit designed for learning and perfecting the reconstruction of the ureteropelvic junction, offering realistic material","breadcrumb":{"@id":"https:\/\/www.urology3d.com\/en\/producto\/laparostopic-training-kit-copia\/#breadcrumb"},"inLanguage":"en-US","potentialAction":[{"@type":"ReadAction","target":["https:\/\/www.urology3d.com\/en\/producto\/laparostopic-training-kit-copia\/"]}]},{"@type":"ImageObject","inLanguage":"en-US","@id":"https:\/\/www.urology3d.com\/en\/producto\/laparostopic-training-kit-copia\/#primaryimage","url":"https:\/\/www.urology3d.com\/wp-content\/uploads\/2025\/10\/pieroplastia1.jpg","contentUrl":"https:\/\/www.urology3d.com\/wp-content\/uploads\/2025\/10\/pieroplastia1.jpg","width":2268,"height":2268},{"@type":"BreadcrumbList","@id":"https:\/\/www.urology3d.com\/en\/producto\/laparostopic-training-kit-copia\/#breadcrumb","itemListElement":[{"@type":"ListItem","position":1,"name":"Portada","item":"https:\/\/www.urology3d.com\/en\/"},{"@type":"ListItem","position":2,"name":"Store","item":"https:\/\/www.urology3d.com\/tienda\/"},{"@type":"ListItem","position":3,"name":"Pyeloplasty Training Kit"}]},{"@type":"WebSite","@id":"https:\/\/www.urology3d.com\/en\/#website","url":"https:\/\/www.urology3d.com\/en\/","name":"Urology3D","description":"Urology3D equipos y cursos de formaci\u00f3n quir\u00fargica para la urolog\u00eda","publisher":{"@id":"https:\/\/www.urology3d.com\/en\/#organization"},"potentialAction":[{"@type":"SearchAction","target":{"@type":"EntryPoint","urlTemplate":"https:\/\/www.urology3d.com\/en\/?s={search_term_string}"},"query-input":{"@type":"PropertyValueSpecification","valueRequired":true,"valueName":"search_term_string"}}],"inLanguage":"en-US"},{"@type":"Organization","@id":"https:\/\/www.urology3d.com\/en\/#organization","name":"Urology3D","url":"https:\/\/www.urology3d.com\/en\/","logo":{"@type":"ImageObject","inLanguage":"en-US","@id":"https:\/\/www.urology3d.com\/en\/#\/schema\/logo\/image\/","url":"https:\/\/www.urology3d.com\/wp-content\/uploads\/2025\/04\/Imagen1.webp","contentUrl":"https:\/\/www.urology3d.com\/wp-content\/uploads\/2025\/04\/Imagen1.webp","width":930,"height":210,"caption":"Urology3D"},"image":{"@id":"https:\/\/www.urology3d.com\/en\/#\/schema\/logo\/image\/"}}]}},"_links":{"self":[{"href":"https:\/\/www.urology3d.com\/en\/wp-json\/wp\/v2\/product\/4484","targetHints":{"allow":["GET"]}}],"collection":[{"href":"https:\/\/www.urology3d.com\/en\/wp-json\/wp\/v2\/product"}],"about":[{"href":"https:\/\/www.urology3d.com\/en\/wp-json\/wp\/v2\/types\/product"}],"version-history":[{"count":5,"href":"https:\/\/www.urology3d.com\/en\/wp-json\/wp\/v2\/product\/4484\/revisions"}],"predecessor-version":[{"id":5654,"href":"https:\/\/www.urology3d.com\/en\/wp-json\/wp\/v2\/product\/4484\/revisions\/5654"}],"wp:featuredmedia":[{"embeddable":true,"href":"https:\/\/www.urology3d.com\/en\/wp-json\/wp\/v2\/media\/4486"}],"wp:attachment":[{"href":"https:\/\/www.urology3d.com\/en\/wp-json\/wp\/v2\/media?parent=4484"}],"wp:term":[{"taxonomy":"product_brand","embeddable":true,"href":"https:\/\/www.urology3d.com\/en\/wp-json\/wp\/v2\/product_brand?post=4484"},{"taxonomy":"product_cat","embeddable":true,"href":"https:\/\/www.urology3d.com\/en\/wp-json\/wp\/v2\/product_cat?post=4484"},{"taxonomy":"product_tag","embeddable":true,"href":"https:\/\/www.urology3d.com\/en\/wp-json\/wp\/v2\/product_tag?post=4484"}],"curies":[{"name":"wp","href":"https:\/\/api.w.org\/{rel}","templated":true}]}}