{"id":3924,"date":"2025-09-04T14:29:28","date_gmt":"2025-09-04T12:29:28","guid":{"rendered":"https:\/\/ptmk.es\/tienda-online\/producto\/prostate-replacements\/"},"modified":"2025-10-31T12:35:34","modified_gmt":"2025-10-31T11:35:34","slug":"prostate-replacements","status":"publish","type":"product","link":"https:\/\/www.urology3d.com\/en\/producto\/prostate-replacements\/","title":{"rendered":"Prostate replacements"},"content":{"rendered":"<p>The <strong>ProstaSim<\/strong> prostate replacement is <strong>easily interchangeable<\/strong>, allowing you to set up new training <strong>sessions in seconds<\/strong> and without complications.<\/p>\n","protected":false},"excerpt":{"rendered":"<p>The <strong>ProstaSim<\/strong> Prostate Replacement is the essential element for faithfully simulating laser enucleation of the prostate. Designed by expert urologists and manufactured with state-of-the-art materials, it accurately reproduces the <strong>texture, anatomy, and strength of human prostate tissue<\/strong>, providing a highly realistic surgical experience. <\/p>\n<p>Its <strong>hyper-realistic and durable design <\/strong>allows for multiple procedures to be repeated without losing quality, ensuring continuous, effective, and safe training. This makes it an indispensable tool for advanced training in urology and for perfecting surgical technique. <\/p>\n","protected":false},"featured_media":3898,"template":"","meta":{"_acf_changed":false},"product_brand":[],"product_cat":[46],"product_tag":[],"class_list":{"0":"post-3924","1":"product","2":"type-product","3":"status-publish","4":"has-post-thumbnail","6":"product_cat-products","8":"first","9":"instock","10":"taxable","11":"shipping-taxable","12":"purchasable","13":"product-type-variable","14":"has-default-attributes"},"acf":[],"yoast_head":"<!-- This site is optimized with the Yoast SEO plugin v27.3 - https:\/\/yoast.com\/product\/yoast-seo-wordpress\/ -->\n<title>Prostate replacements - Urology3D<\/title>\n<meta name=\"description\" content=\"The ProstaSim prostate replacement is the essential element for a faithful simulation of laser prostate enucleation.\" \/>\n<meta name=\"robots\" content=\"index, follow, max-snippet:-1, max-image-preview:large, max-video-preview:-1\" \/>\n<link rel=\"canonical\" href=\"https:\/\/www.urology3d.com\/en\/producto\/prostate-replacements\/\" \/>\n<meta property=\"og:locale\" content=\"en_US\" \/>\n<meta property=\"og:type\" content=\"article\" \/>\n<meta property=\"og:title\" content=\"Prostate replacements\" \/>\n<meta property=\"og:description\" content=\"The ProstaSim prostate replacement is the essential element for a faithful simulation of laser prostate enucleation.\" \/>\n<meta property=\"og:url\" content=\"https:\/\/www.urology3d.com\/en\/producto\/prostate-replacements\/\" \/>\n<meta property=\"og:site_name\" content=\"Urology3D\" \/>\n<meta property=\"article:modified_time\" content=\"2025-10-31T11:35:34+00:00\" \/>\n<meta property=\"og:image\" content=\"https:\/\/urology3d.com\/wp-content\/uploads\/2025\/09\/Logo-uro-scaled.png\" \/>\n<meta name=\"twitter:card\" content=\"summary_large_image\" \/>\n<script type=\"application\/ld+json\" class=\"yoast-schema-graph\">{\"@context\":\"https:\\\/\\\/schema.org\",\"@graph\":[{\"@type\":\"WebPage\",\"@id\":\"https:\\\/\\\/www.urology3d.com\\\/en\\\/producto\\\/prostate-replacements\\\/\",\"url\":\"https:\\\/\\\/www.urology3d.com\\\/en\\\/producto\\\/prostate-replacements\\\/\",\"name\":\"Prostate replacements - Urology3D\",\"isPartOf\":{\"@id\":\"https:\\\/\\\/www.urology3d.com\\\/en\\\/#website\"},\"primaryImageOfPage\":{\"@id\":\"https:\\\/\\\/www.urology3d.com\\\/en\\\/producto\\\/prostate-replacements\\\/#primaryimage\"},\"image\":{\"@id\":\"https:\\\/\\\/www.urology3d.com\\\/en\\\/producto\\\/prostate-replacements\\\/#primaryimage\"},\"thumbnailUrl\":\"https:\\\/\\\/www.urology3d.com\\\/wp-content\\\/uploads\\\/2025\\\/09\\\/recambios-foto-4.jpg\",\"datePublished\":\"2025-09-04T12:29:28+00:00\",\"dateModified\":\"2025-10-31T11:35:34+00:00\",\"description\":\"The ProstaSim prostate replacement is the essential element for a faithful simulation of laser prostate enucleation.\",\"breadcrumb\":{\"@id\":\"https:\\\/\\\/www.urology3d.com\\\/en\\\/producto\\\/prostate-replacements\\\/#breadcrumb\"},\"inLanguage\":\"en-US\",\"potentialAction\":[{\"@type\":\"ReadAction\",\"target\":[\"https:\\\/\\\/www.urology3d.com\\\/en\\\/producto\\\/prostate-replacements\\\/\"]}]},{\"@type\":\"ImageObject\",\"inLanguage\":\"en-US\",\"@id\":\"https:\\\/\\\/www.urology3d.com\\\/en\\\/producto\\\/prostate-replacements\\\/#primaryimage\",\"url\":\"https:\\\/\\\/www.urology3d.com\\\/wp-content\\\/uploads\\\/2025\\\/09\\\/recambios-foto-4.jpg\",\"contentUrl\":\"https:\\\/\\\/www.urology3d.com\\\/wp-content\\\/uploads\\\/2025\\\/09\\\/recambios-foto-4.jpg\",\"width\":1000,\"height\":1000},{\"@type\":\"BreadcrumbList\",\"@id\":\"https:\\\/\\\/www.urology3d.com\\\/en\\\/producto\\\/prostate-replacements\\\/#breadcrumb\",\"itemListElement\":[{\"@type\":\"ListItem\",\"position\":1,\"name\":\"Portada\",\"item\":\"https:\\\/\\\/www.urology3d.com\\\/en\\\/\"},{\"@type\":\"ListItem\",\"position\":2,\"name\":\"Store\",\"item\":\"https:\\\/\\\/www.urology3d.com\\\/tienda\\\/\"},{\"@type\":\"ListItem\",\"position\":3,\"name\":\"Prostate replacements\"}]},{\"@type\":\"WebSite\",\"@id\":\"https:\\\/\\\/www.urology3d.com\\\/en\\\/#website\",\"url\":\"https:\\\/\\\/www.urology3d.com\\\/en\\\/\",\"name\":\"Urology3D\",\"description\":\"Urology3D equipos y cursos de formaci\u00f3n quir\u00fargica para la urolog\u00eda\",\"publisher\":{\"@id\":\"https:\\\/\\\/www.urology3d.com\\\/en\\\/#organization\"},\"potentialAction\":[{\"@type\":\"SearchAction\",\"target\":{\"@type\":\"EntryPoint\",\"urlTemplate\":\"https:\\\/\\\/www.urology3d.com\\\/en\\\/?s={search_term_string}\"},\"query-input\":{\"@type\":\"PropertyValueSpecification\",\"valueRequired\":true,\"valueName\":\"search_term_string\"}}],\"inLanguage\":\"en-US\"},{\"@type\":\"Organization\",\"@id\":\"https:\\\/\\\/www.urology3d.com\\\/en\\\/#organization\",\"name\":\"Urology3D\",\"url\":\"https:\\\/\\\/www.urology3d.com\\\/en\\\/\",\"logo\":{\"@type\":\"ImageObject\",\"inLanguage\":\"en-US\",\"@id\":\"https:\\\/\\\/www.urology3d.com\\\/en\\\/#\\\/schema\\\/logo\\\/image\\\/\",\"url\":\"https:\\\/\\\/www.urology3d.com\\\/wp-content\\\/uploads\\\/2025\\\/04\\\/Imagen1.webp\",\"contentUrl\":\"https:\\\/\\\/www.urology3d.com\\\/wp-content\\\/uploads\\\/2025\\\/04\\\/Imagen1.webp\",\"width\":930,\"height\":210,\"caption\":\"Urology3D\"},\"image\":{\"@id\":\"https:\\\/\\\/www.urology3d.com\\\/en\\\/#\\\/schema\\\/logo\\\/image\\\/\"}}]}<\/script>\n<!-- \/ Yoast SEO plugin. -->","yoast_head_json":{"title":"Prostate replacements - Urology3D","description":"The ProstaSim prostate replacement is the essential element for a faithful simulation of laser prostate enucleation.","robots":{"index":"index","follow":"follow","max-snippet":"max-snippet:-1","max-image-preview":"max-image-preview:large","max-video-preview":"max-video-preview:-1"},"canonical":"https:\/\/www.urology3d.com\/en\/producto\/prostate-replacements\/","og_locale":"en_US","og_type":"article","og_title":"Prostate replacements","og_description":"The ProstaSim prostate replacement is the essential element for a faithful simulation of laser prostate enucleation.","og_url":"https:\/\/www.urology3d.com\/en\/producto\/prostate-replacements\/","og_site_name":"Urology3D","article_modified_time":"2025-10-31T11:35:34+00:00","og_image":[{"url":"https:\/\/urology3d.com\/wp-content\/uploads\/2025\/09\/Logo-uro-scaled.png","type":"","width":"","height":""}],"twitter_card":"summary_large_image","schema":{"@context":"https:\/\/schema.org","@graph":[{"@type":"WebPage","@id":"https:\/\/www.urology3d.com\/en\/producto\/prostate-replacements\/","url":"https:\/\/www.urology3d.com\/en\/producto\/prostate-replacements\/","name":"Prostate replacements - Urology3D","isPartOf":{"@id":"https:\/\/www.urology3d.com\/en\/#website"},"primaryImageOfPage":{"@id":"https:\/\/www.urology3d.com\/en\/producto\/prostate-replacements\/#primaryimage"},"image":{"@id":"https:\/\/www.urology3d.com\/en\/producto\/prostate-replacements\/#primaryimage"},"thumbnailUrl":"https:\/\/www.urology3d.com\/wp-content\/uploads\/2025\/09\/recambios-foto-4.jpg","datePublished":"2025-09-04T12:29:28+00:00","dateModified":"2025-10-31T11:35:34+00:00","description":"The ProstaSim prostate replacement is the essential element for a faithful simulation of laser prostate enucleation.","breadcrumb":{"@id":"https:\/\/www.urology3d.com\/en\/producto\/prostate-replacements\/#breadcrumb"},"inLanguage":"en-US","potentialAction":[{"@type":"ReadAction","target":["https:\/\/www.urology3d.com\/en\/producto\/prostate-replacements\/"]}]},{"@type":"ImageObject","inLanguage":"en-US","@id":"https:\/\/www.urology3d.com\/en\/producto\/prostate-replacements\/#primaryimage","url":"https:\/\/www.urology3d.com\/wp-content\/uploads\/2025\/09\/recambios-foto-4.jpg","contentUrl":"https:\/\/www.urology3d.com\/wp-content\/uploads\/2025\/09\/recambios-foto-4.jpg","width":1000,"height":1000},{"@type":"BreadcrumbList","@id":"https:\/\/www.urology3d.com\/en\/producto\/prostate-replacements\/#breadcrumb","itemListElement":[{"@type":"ListItem","position":1,"name":"Portada","item":"https:\/\/www.urology3d.com\/en\/"},{"@type":"ListItem","position":2,"name":"Store","item":"https:\/\/www.urology3d.com\/tienda\/"},{"@type":"ListItem","position":3,"name":"Prostate replacements"}]},{"@type":"WebSite","@id":"https:\/\/www.urology3d.com\/en\/#website","url":"https:\/\/www.urology3d.com\/en\/","name":"Urology3D","description":"Urology3D equipos y cursos de formaci\u00f3n quir\u00fargica para la urolog\u00eda","publisher":{"@id":"https:\/\/www.urology3d.com\/en\/#organization"},"potentialAction":[{"@type":"SearchAction","target":{"@type":"EntryPoint","urlTemplate":"https:\/\/www.urology3d.com\/en\/?s={search_term_string}"},"query-input":{"@type":"PropertyValueSpecification","valueRequired":true,"valueName":"search_term_string"}}],"inLanguage":"en-US"},{"@type":"Organization","@id":"https:\/\/www.urology3d.com\/en\/#organization","name":"Urology3D","url":"https:\/\/www.urology3d.com\/en\/","logo":{"@type":"ImageObject","inLanguage":"en-US","@id":"https:\/\/www.urology3d.com\/en\/#\/schema\/logo\/image\/","url":"https:\/\/www.urology3d.com\/wp-content\/uploads\/2025\/04\/Imagen1.webp","contentUrl":"https:\/\/www.urology3d.com\/wp-content\/uploads\/2025\/04\/Imagen1.webp","width":930,"height":210,"caption":"Urology3D"},"image":{"@id":"https:\/\/www.urology3d.com\/en\/#\/schema\/logo\/image\/"}}]}},"_links":{"self":[{"href":"https:\/\/www.urology3d.com\/en\/wp-json\/wp\/v2\/product\/3924","targetHints":{"allow":["GET"]}}],"collection":[{"href":"https:\/\/www.urology3d.com\/en\/wp-json\/wp\/v2\/product"}],"about":[{"href":"https:\/\/www.urology3d.com\/en\/wp-json\/wp\/v2\/types\/product"}],"version-history":[{"count":2,"href":"https:\/\/www.urology3d.com\/en\/wp-json\/wp\/v2\/product\/3924\/revisions"}],"predecessor-version":[{"id":4477,"href":"https:\/\/www.urology3d.com\/en\/wp-json\/wp\/v2\/product\/3924\/revisions\/4477"}],"wp:featuredmedia":[{"embeddable":true,"href":"https:\/\/www.urology3d.com\/en\/wp-json\/wp\/v2\/media\/3898"}],"wp:attachment":[{"href":"https:\/\/www.urology3d.com\/en\/wp-json\/wp\/v2\/media?parent=3924"}],"wp:term":[{"taxonomy":"product_brand","embeddable":true,"href":"https:\/\/www.urology3d.com\/en\/wp-json\/wp\/v2\/product_brand?post=3924"},{"taxonomy":"product_cat","embeddable":true,"href":"https:\/\/www.urology3d.com\/en\/wp-json\/wp\/v2\/product_cat?post=3924"},{"taxonomy":"product_tag","embeddable":true,"href":"https:\/\/www.urology3d.com\/en\/wp-json\/wp\/v2\/product_tag?post=3924"}],"curies":[{"name":"wp","href":"https:\/\/api.w.org\/{rel}","templated":true}]}}