{"id":2535,"date":"2025-04-04T14:56:59","date_gmt":"2025-04-04T12:56:59","guid":{"rendered":"https:\/\/ptmk.es\/tienda-online\/producto\/laparostopic-training-kit\/"},"modified":"2025-10-31T12:48:02","modified_gmt":"2025-10-31T11:48:02","slug":"laparostopic-training-kit","status":"publish","type":"product","link":"https:\/\/www.urology3d.com\/en\/producto\/laparostopic-training-kit\/","title":{"rendered":"Laparostopic training kit"},"content":{"rendered":"<p>Exercises included:<\/p>\n<ul>\n<li>Peg transfer.<\/li>\n<li>Cutting a Circle.<\/li>\n<li>Needle guidance.<\/li>\n<li>Suturing.<\/li>\n<\/ul>\n<p>&nbsp;<\/p>\n<p>Included in the training kit:<\/p>\n<ul>\n<li>1x standard base compatible with all modules.<\/li>\n<li>1x peg transfer module.<\/li>\n<li>1x Circle cutting module + 5 replaceable pads.<\/li>\n<li>1x Needle guidance module + 3 surgical sutures.<\/li>\n<li>3x Suturing silicone models.<\/li>\n<\/ul>\n<p>&nbsp;<\/p>\n<p>Note*. This product is not endorsed by the EAU or any other official organization. All rights reserved to their respective owners.  <\/p>\n","protected":false},"excerpt":{"rendered":"<p>Designed entirely using 3D printing, this kit allows for quick and easy transitions between different exercises.<\/p>\n<p>It is optimized to simulate standardized practices, such as those included in the European Basic Laparoscopic Skills in Urology (E-BLUS) training program*.<\/p>\n<p>Its robust, reusable, and easily expandable structure makes it a versatile and durable tool for developing surgical skills.<\/p>\n","protected":false},"featured_media":3908,"template":"","meta":{"_acf_changed":false},"product_brand":[],"product_cat":[46],"product_tag":[],"class_list":{"0":"post-2535","1":"product","2":"type-product","3":"status-publish","4":"has-post-thumbnail","6":"product_cat-products","8":"first","9":"instock","10":"taxable","11":"shipping-taxable","12":"purchasable","13":"product-type-simple"},"acf":[],"yoast_head":"<!-- This site is optimized with the Yoast SEO plugin v27.3 - https:\/\/yoast.com\/product\/yoast-seo-wordpress\/ -->\n<title>Laparostopic training kit - Urology3D<\/title>\n<meta name=\"description\" content=\"Designed entirely by 3D printing, this kit allows a quick and easy transition between different exercises.\" \/>\n<meta name=\"robots\" content=\"index, follow, max-snippet:-1, max-image-preview:large, max-video-preview:-1\" \/>\n<link rel=\"canonical\" href=\"https:\/\/www.urology3d.com\/en\/producto\/laparostopic-training-kit\/\" \/>\n<meta property=\"og:locale\" content=\"en_US\" \/>\n<meta property=\"og:type\" content=\"article\" \/>\n<meta property=\"og:title\" content=\"Laparostopic training kit\" \/>\n<meta property=\"og:description\" content=\"Designed entirely by 3D printing, this kit allows a quick and easy transition between different exercises.\" \/>\n<meta property=\"og:url\" content=\"https:\/\/www.urology3d.com\/en\/producto\/laparostopic-training-kit\/\" \/>\n<meta property=\"og:site_name\" content=\"Urology3D\" \/>\n<meta property=\"article:modified_time\" content=\"2025-10-31T11:48:02+00:00\" \/>\n<meta property=\"og:image\" content=\"https:\/\/urology3d.com\/wp-content\/uploads\/2025\/09\/Logo-uro-scaled.png\" \/>\n<meta name=\"twitter:card\" content=\"summary_large_image\" \/>\n<script type=\"application\/ld+json\" class=\"yoast-schema-graph\">{\"@context\":\"https:\\\/\\\/schema.org\",\"@graph\":[{\"@type\":\"WebPage\",\"@id\":\"https:\\\/\\\/www.urology3d.com\\\/en\\\/producto\\\/laparostopic-training-kit\\\/\",\"url\":\"https:\\\/\\\/www.urology3d.com\\\/en\\\/producto\\\/laparostopic-training-kit\\\/\",\"name\":\"Laparostopic training kit - Urology3D\",\"isPartOf\":{\"@id\":\"https:\\\/\\\/www.urology3d.com\\\/en\\\/#website\"},\"primaryImageOfPage\":{\"@id\":\"https:\\\/\\\/www.urology3d.com\\\/en\\\/producto\\\/laparostopic-training-kit\\\/#primaryimage\"},\"image\":{\"@id\":\"https:\\\/\\\/www.urology3d.com\\\/en\\\/producto\\\/laparostopic-training-kit\\\/#primaryimage\"},\"thumbnailUrl\":\"https:\\\/\\\/www.urology3d.com\\\/wp-content\\\/uploads\\\/2025\\\/04\\\/1712573382498-e1756991243734.jpg\",\"datePublished\":\"2025-04-04T12:56:59+00:00\",\"dateModified\":\"2025-10-31T11:48:02+00:00\",\"description\":\"Designed entirely by 3D printing, this kit allows a quick and easy transition between different exercises.\",\"breadcrumb\":{\"@id\":\"https:\\\/\\\/www.urology3d.com\\\/en\\\/producto\\\/laparostopic-training-kit\\\/#breadcrumb\"},\"inLanguage\":\"en-US\",\"potentialAction\":[{\"@type\":\"ReadAction\",\"target\":[\"https:\\\/\\\/www.urology3d.com\\\/en\\\/producto\\\/laparostopic-training-kit\\\/\"]}]},{\"@type\":\"ImageObject\",\"inLanguage\":\"en-US\",\"@id\":\"https:\\\/\\\/www.urology3d.com\\\/en\\\/producto\\\/laparostopic-training-kit\\\/#primaryimage\",\"url\":\"https:\\\/\\\/www.urology3d.com\\\/wp-content\\\/uploads\\\/2025\\\/04\\\/1712573382498-e1756991243734.jpg\",\"contentUrl\":\"https:\\\/\\\/www.urology3d.com\\\/wp-content\\\/uploads\\\/2025\\\/04\\\/1712573382498-e1756991243734.jpg\",\"width\":900,\"height\":641},{\"@type\":\"BreadcrumbList\",\"@id\":\"https:\\\/\\\/www.urology3d.com\\\/en\\\/producto\\\/laparostopic-training-kit\\\/#breadcrumb\",\"itemListElement\":[{\"@type\":\"ListItem\",\"position\":1,\"name\":\"Portada\",\"item\":\"https:\\\/\\\/www.urology3d.com\\\/en\\\/\"},{\"@type\":\"ListItem\",\"position\":2,\"name\":\"Store\",\"item\":\"https:\\\/\\\/www.urology3d.com\\\/tienda\\\/\"},{\"@type\":\"ListItem\",\"position\":3,\"name\":\"Laparostopic training kit\"}]},{\"@type\":\"WebSite\",\"@id\":\"https:\\\/\\\/www.urology3d.com\\\/en\\\/#website\",\"url\":\"https:\\\/\\\/www.urology3d.com\\\/en\\\/\",\"name\":\"Urology3D\",\"description\":\"Urology3D equipos y cursos de formaci\u00f3n quir\u00fargica para la urolog\u00eda\",\"publisher\":{\"@id\":\"https:\\\/\\\/www.urology3d.com\\\/en\\\/#organization\"},\"potentialAction\":[{\"@type\":\"SearchAction\",\"target\":{\"@type\":\"EntryPoint\",\"urlTemplate\":\"https:\\\/\\\/www.urology3d.com\\\/en\\\/?s={search_term_string}\"},\"query-input\":{\"@type\":\"PropertyValueSpecification\",\"valueRequired\":true,\"valueName\":\"search_term_string\"}}],\"inLanguage\":\"en-US\"},{\"@type\":\"Organization\",\"@id\":\"https:\\\/\\\/www.urology3d.com\\\/en\\\/#organization\",\"name\":\"Urology3D\",\"url\":\"https:\\\/\\\/www.urology3d.com\\\/en\\\/\",\"logo\":{\"@type\":\"ImageObject\",\"inLanguage\":\"en-US\",\"@id\":\"https:\\\/\\\/www.urology3d.com\\\/en\\\/#\\\/schema\\\/logo\\\/image\\\/\",\"url\":\"https:\\\/\\\/www.urology3d.com\\\/wp-content\\\/uploads\\\/2025\\\/04\\\/Imagen1.webp\",\"contentUrl\":\"https:\\\/\\\/www.urology3d.com\\\/wp-content\\\/uploads\\\/2025\\\/04\\\/Imagen1.webp\",\"width\":930,\"height\":210,\"caption\":\"Urology3D\"},\"image\":{\"@id\":\"https:\\\/\\\/www.urology3d.com\\\/en\\\/#\\\/schema\\\/logo\\\/image\\\/\"}}]}<\/script>\n<!-- \/ Yoast SEO plugin. -->","yoast_head_json":{"title":"Laparostopic training kit - Urology3D","description":"Designed entirely by 3D printing, this kit allows a quick and easy transition between different exercises.","robots":{"index":"index","follow":"follow","max-snippet":"max-snippet:-1","max-image-preview":"max-image-preview:large","max-video-preview":"max-video-preview:-1"},"canonical":"https:\/\/www.urology3d.com\/en\/producto\/laparostopic-training-kit\/","og_locale":"en_US","og_type":"article","og_title":"Laparostopic training kit","og_description":"Designed entirely by 3D printing, this kit allows a quick and easy transition between different exercises.","og_url":"https:\/\/www.urology3d.com\/en\/producto\/laparostopic-training-kit\/","og_site_name":"Urology3D","article_modified_time":"2025-10-31T11:48:02+00:00","og_image":[{"url":"https:\/\/urology3d.com\/wp-content\/uploads\/2025\/09\/Logo-uro-scaled.png","type":"","width":"","height":""}],"twitter_card":"summary_large_image","schema":{"@context":"https:\/\/schema.org","@graph":[{"@type":"WebPage","@id":"https:\/\/www.urology3d.com\/en\/producto\/laparostopic-training-kit\/","url":"https:\/\/www.urology3d.com\/en\/producto\/laparostopic-training-kit\/","name":"Laparostopic training kit - Urology3D","isPartOf":{"@id":"https:\/\/www.urology3d.com\/en\/#website"},"primaryImageOfPage":{"@id":"https:\/\/www.urology3d.com\/en\/producto\/laparostopic-training-kit\/#primaryimage"},"image":{"@id":"https:\/\/www.urology3d.com\/en\/producto\/laparostopic-training-kit\/#primaryimage"},"thumbnailUrl":"https:\/\/www.urology3d.com\/wp-content\/uploads\/2025\/04\/1712573382498-e1756991243734.jpg","datePublished":"2025-04-04T12:56:59+00:00","dateModified":"2025-10-31T11:48:02+00:00","description":"Designed entirely by 3D printing, this kit allows a quick and easy transition between different exercises.","breadcrumb":{"@id":"https:\/\/www.urology3d.com\/en\/producto\/laparostopic-training-kit\/#breadcrumb"},"inLanguage":"en-US","potentialAction":[{"@type":"ReadAction","target":["https:\/\/www.urology3d.com\/en\/producto\/laparostopic-training-kit\/"]}]},{"@type":"ImageObject","inLanguage":"en-US","@id":"https:\/\/www.urology3d.com\/en\/producto\/laparostopic-training-kit\/#primaryimage","url":"https:\/\/www.urology3d.com\/wp-content\/uploads\/2025\/04\/1712573382498-e1756991243734.jpg","contentUrl":"https:\/\/www.urology3d.com\/wp-content\/uploads\/2025\/04\/1712573382498-e1756991243734.jpg","width":900,"height":641},{"@type":"BreadcrumbList","@id":"https:\/\/www.urology3d.com\/en\/producto\/laparostopic-training-kit\/#breadcrumb","itemListElement":[{"@type":"ListItem","position":1,"name":"Portada","item":"https:\/\/www.urology3d.com\/en\/"},{"@type":"ListItem","position":2,"name":"Store","item":"https:\/\/www.urology3d.com\/tienda\/"},{"@type":"ListItem","position":3,"name":"Laparostopic training kit"}]},{"@type":"WebSite","@id":"https:\/\/www.urology3d.com\/en\/#website","url":"https:\/\/www.urology3d.com\/en\/","name":"Urology3D","description":"Urology3D equipos y cursos de formaci\u00f3n quir\u00fargica para la urolog\u00eda","publisher":{"@id":"https:\/\/www.urology3d.com\/en\/#organization"},"potentialAction":[{"@type":"SearchAction","target":{"@type":"EntryPoint","urlTemplate":"https:\/\/www.urology3d.com\/en\/?s={search_term_string}"},"query-input":{"@type":"PropertyValueSpecification","valueRequired":true,"valueName":"search_term_string"}}],"inLanguage":"en-US"},{"@type":"Organization","@id":"https:\/\/www.urology3d.com\/en\/#organization","name":"Urology3D","url":"https:\/\/www.urology3d.com\/en\/","logo":{"@type":"ImageObject","inLanguage":"en-US","@id":"https:\/\/www.urology3d.com\/en\/#\/schema\/logo\/image\/","url":"https:\/\/www.urology3d.com\/wp-content\/uploads\/2025\/04\/Imagen1.webp","contentUrl":"https:\/\/www.urology3d.com\/wp-content\/uploads\/2025\/04\/Imagen1.webp","width":930,"height":210,"caption":"Urology3D"},"image":{"@id":"https:\/\/www.urology3d.com\/en\/#\/schema\/logo\/image\/"}}]}},"_links":{"self":[{"href":"https:\/\/www.urology3d.com\/en\/wp-json\/wp\/v2\/product\/2535","targetHints":{"allow":["GET"]}}],"collection":[{"href":"https:\/\/www.urology3d.com\/en\/wp-json\/wp\/v2\/product"}],"about":[{"href":"https:\/\/www.urology3d.com\/en\/wp-json\/wp\/v2\/types\/product"}],"version-history":[{"count":1,"href":"https:\/\/www.urology3d.com\/en\/wp-json\/wp\/v2\/product\/2535\/revisions"}],"predecessor-version":[{"id":3049,"href":"https:\/\/www.urology3d.com\/en\/wp-json\/wp\/v2\/product\/2535\/revisions\/3049"}],"wp:featuredmedia":[{"embeddable":true,"href":"https:\/\/www.urology3d.com\/en\/wp-json\/wp\/v2\/media\/3908"}],"wp:attachment":[{"href":"https:\/\/www.urology3d.com\/en\/wp-json\/wp\/v2\/media?parent=2535"}],"wp:term":[{"taxonomy":"product_brand","embeddable":true,"href":"https:\/\/www.urology3d.com\/en\/wp-json\/wp\/v2\/product_brand?post=2535"},{"taxonomy":"product_cat","embeddable":true,"href":"https:\/\/www.urology3d.com\/en\/wp-json\/wp\/v2\/product_cat?post=2535"},{"taxonomy":"product_tag","embeddable":true,"href":"https:\/\/www.urology3d.com\/en\/wp-json\/wp\/v2\/product_tag?post=2535"}],"curies":[{"name":"wp","href":"https:\/\/api.w.org\/{rel}","templated":true}]}}