{"id":2533,"date":"2025-05-09T12:26:18","date_gmt":"2025-05-09T10:26:18","guid":{"rendered":"https:\/\/ptmk.es\/tienda-online\/producto\/partial-nephrectomy-training-kit\/"},"modified":"2025-10-31T12:43:42","modified_gmt":"2025-10-31T11:43:42","slug":"partial-nephrectomy-training-kit","status":"publish","type":"product","link":"https:\/\/www.urology3d.com\/en\/producto\/partial-nephrectomy-training-kit\/","title":{"rendered":"Partial nephrectomy training kit"},"content":{"rendered":"<p>The partial nephrectomy kit has been validated by expert surgeons and is intended for use in both <strong>classroom<\/strong> settings and <strong>advanced surgical training programs<\/strong>.<\/p>\n<p>Its modular design facilitates rapid session setup and allows for efficient repetition of exercises. It includes all the necessary elements for a complete resection and suturing practice in a <strong>portable, versatile, and ready-to-use format<\/strong>. <\/p>\n<p>Kit content:<\/p>\n<ul>\n<li>Silicone kidney with 10 tumors<\/li>\n<li>Universal base for laparoscopy and robotics<\/li>\n<li>3 surgical sutures<\/li>\n<li>3D anatomical diagram<\/li>\n<\/ul>\n","protected":false},"excerpt":{"rendered":"<p>This kidney model, made of <strong>high-quality silicone<\/strong>, has been specifically developed for training in <strong>laparoscopic and robotic partial nephrectomy<\/strong>. Its <strong>hyper-realistic<\/strong> texture faithfully reproduces human kidney tissue, offering a precise practice experience that is close to the real thing. <\/p>\n<p>The model includes<strong> ten tumors of varying sizes and complexity<\/strong>, allowing for the recreation of multiple clinical scenarios and the adaptation of the difficulty level to meet training needs.<\/p>\n<p>It is fully <strong>compatible with laparoscopic and robotic instruments<\/strong>, establishing itself as a reference tool for advanced training in minimally invasive renal surgery.<\/p>\n","protected":false},"featured_media":1123,"template":"","meta":{"_acf_changed":false},"product_brand":[],"product_cat":[46],"product_tag":[],"class_list":{"0":"post-2533","1":"product","2":"type-product","3":"status-publish","4":"has-post-thumbnail","6":"product_cat-products","8":"first","9":"instock","10":"taxable","11":"shipping-taxable","12":"purchasable","13":"product-type-simple"},"acf":[],"yoast_head":"<!-- This site is optimized with the Yoast SEO plugin v27.3 - https:\/\/yoast.com\/product\/yoast-seo-wordpress\/ -->\n<title>Partial nephrectomy training kit - Urology3D<\/title>\n<meta name=\"description\" content=\"Kidney model, made of high-quality silicone and developed specifically for training in laparoscopic and robotic partial nephrectomy\" \/>\n<meta name=\"robots\" content=\"index, follow, max-snippet:-1, max-image-preview:large, max-video-preview:-1\" \/>\n<link rel=\"canonical\" href=\"https:\/\/www.urology3d.com\/en\/producto\/partial-nephrectomy-training-kit\/\" \/>\n<meta property=\"og:locale\" content=\"en_US\" \/>\n<meta property=\"og:type\" content=\"article\" \/>\n<meta property=\"og:title\" content=\"Partial nephrectomy training kit\" \/>\n<meta property=\"og:description\" content=\"Kidney model, made of high-quality silicone and developed specifically for training in laparoscopic and robotic partial nephrectomy\" \/>\n<meta property=\"og:url\" content=\"https:\/\/www.urology3d.com\/en\/producto\/partial-nephrectomy-training-kit\/\" \/>\n<meta property=\"og:site_name\" content=\"Urology3D\" \/>\n<meta property=\"article:modified_time\" content=\"2025-10-31T11:43:42+00:00\" \/>\n<meta property=\"og:image\" content=\"https:\/\/urology3d.com\/wp-content\/uploads\/2025\/09\/Logo-uro-scaled.png\" \/>\n<meta name=\"twitter:card\" content=\"summary_large_image\" \/>\n<script type=\"application\/ld+json\" class=\"yoast-schema-graph\">{\"@context\":\"https:\\\/\\\/schema.org\",\"@graph\":[{\"@type\":\"WebPage\",\"@id\":\"https:\\\/\\\/www.urology3d.com\\\/en\\\/producto\\\/partial-nephrectomy-training-kit\\\/\",\"url\":\"https:\\\/\\\/www.urology3d.com\\\/en\\\/producto\\\/partial-nephrectomy-training-kit\\\/\",\"name\":\"Partial nephrectomy training kit - Urology3D\",\"isPartOf\":{\"@id\":\"https:\\\/\\\/www.urology3d.com\\\/en\\\/#website\"},\"primaryImageOfPage\":{\"@id\":\"https:\\\/\\\/www.urology3d.com\\\/en\\\/producto\\\/partial-nephrectomy-training-kit\\\/#primaryimage\"},\"image\":{\"@id\":\"https:\\\/\\\/www.urology3d.com\\\/en\\\/producto\\\/partial-nephrectomy-training-kit\\\/#primaryimage\"},\"thumbnailUrl\":\"https:\\\/\\\/www.urology3d.com\\\/wp-content\\\/uploads\\\/2025\\\/05\\\/WhatsAppImage2023-11-06at12.31.14-e1757421221650.webp\",\"datePublished\":\"2025-05-09T10:26:18+00:00\",\"dateModified\":\"2025-10-31T11:43:42+00:00\",\"description\":\"Kidney model, made of high-quality silicone and developed specifically for training in laparoscopic and robotic partial nephrectomy\",\"breadcrumb\":{\"@id\":\"https:\\\/\\\/www.urology3d.com\\\/en\\\/producto\\\/partial-nephrectomy-training-kit\\\/#breadcrumb\"},\"inLanguage\":\"en-US\",\"potentialAction\":[{\"@type\":\"ReadAction\",\"target\":[\"https:\\\/\\\/www.urology3d.com\\\/en\\\/producto\\\/partial-nephrectomy-training-kit\\\/\"]}]},{\"@type\":\"ImageObject\",\"inLanguage\":\"en-US\",\"@id\":\"https:\\\/\\\/www.urology3d.com\\\/en\\\/producto\\\/partial-nephrectomy-training-kit\\\/#primaryimage\",\"url\":\"https:\\\/\\\/www.urology3d.com\\\/wp-content\\\/uploads\\\/2025\\\/05\\\/WhatsAppImage2023-11-06at12.31.14-e1757421221650.webp\",\"contentUrl\":\"https:\\\/\\\/www.urology3d.com\\\/wp-content\\\/uploads\\\/2025\\\/05\\\/WhatsAppImage2023-11-06at12.31.14-e1757421221650.webp\",\"width\":860,\"height\":686},{\"@type\":\"BreadcrumbList\",\"@id\":\"https:\\\/\\\/www.urology3d.com\\\/en\\\/producto\\\/partial-nephrectomy-training-kit\\\/#breadcrumb\",\"itemListElement\":[{\"@type\":\"ListItem\",\"position\":1,\"name\":\"Portada\",\"item\":\"https:\\\/\\\/www.urology3d.com\\\/en\\\/\"},{\"@type\":\"ListItem\",\"position\":2,\"name\":\"Store\",\"item\":\"https:\\\/\\\/www.urology3d.com\\\/tienda\\\/\"},{\"@type\":\"ListItem\",\"position\":3,\"name\":\"Partial nephrectomy training kit\"}]},{\"@type\":\"WebSite\",\"@id\":\"https:\\\/\\\/www.urology3d.com\\\/en\\\/#website\",\"url\":\"https:\\\/\\\/www.urology3d.com\\\/en\\\/\",\"name\":\"Urology3D\",\"description\":\"Urology3D equipos y cursos de formaci\u00f3n quir\u00fargica para la urolog\u00eda\",\"publisher\":{\"@id\":\"https:\\\/\\\/www.urology3d.com\\\/en\\\/#organization\"},\"potentialAction\":[{\"@type\":\"SearchAction\",\"target\":{\"@type\":\"EntryPoint\",\"urlTemplate\":\"https:\\\/\\\/www.urology3d.com\\\/en\\\/?s={search_term_string}\"},\"query-input\":{\"@type\":\"PropertyValueSpecification\",\"valueRequired\":true,\"valueName\":\"search_term_string\"}}],\"inLanguage\":\"en-US\"},{\"@type\":\"Organization\",\"@id\":\"https:\\\/\\\/www.urology3d.com\\\/en\\\/#organization\",\"name\":\"Urology3D\",\"url\":\"https:\\\/\\\/www.urology3d.com\\\/en\\\/\",\"logo\":{\"@type\":\"ImageObject\",\"inLanguage\":\"en-US\",\"@id\":\"https:\\\/\\\/www.urology3d.com\\\/en\\\/#\\\/schema\\\/logo\\\/image\\\/\",\"url\":\"https:\\\/\\\/www.urology3d.com\\\/wp-content\\\/uploads\\\/2025\\\/04\\\/Imagen1.webp\",\"contentUrl\":\"https:\\\/\\\/www.urology3d.com\\\/wp-content\\\/uploads\\\/2025\\\/04\\\/Imagen1.webp\",\"width\":930,\"height\":210,\"caption\":\"Urology3D\"},\"image\":{\"@id\":\"https:\\\/\\\/www.urology3d.com\\\/en\\\/#\\\/schema\\\/logo\\\/image\\\/\"}}]}<\/script>\n<!-- \/ Yoast SEO plugin. -->","yoast_head_json":{"title":"Partial nephrectomy training kit - Urology3D","description":"Kidney model, made of high-quality silicone and developed specifically for training in laparoscopic and robotic partial nephrectomy","robots":{"index":"index","follow":"follow","max-snippet":"max-snippet:-1","max-image-preview":"max-image-preview:large","max-video-preview":"max-video-preview:-1"},"canonical":"https:\/\/www.urology3d.com\/en\/producto\/partial-nephrectomy-training-kit\/","og_locale":"en_US","og_type":"article","og_title":"Partial nephrectomy training kit","og_description":"Kidney model, made of high-quality silicone and developed specifically for training in laparoscopic and robotic partial nephrectomy","og_url":"https:\/\/www.urology3d.com\/en\/producto\/partial-nephrectomy-training-kit\/","og_site_name":"Urology3D","article_modified_time":"2025-10-31T11:43:42+00:00","og_image":[{"url":"https:\/\/urology3d.com\/wp-content\/uploads\/2025\/09\/Logo-uro-scaled.png","type":"","width":"","height":""}],"twitter_card":"summary_large_image","schema":{"@context":"https:\/\/schema.org","@graph":[{"@type":"WebPage","@id":"https:\/\/www.urology3d.com\/en\/producto\/partial-nephrectomy-training-kit\/","url":"https:\/\/www.urology3d.com\/en\/producto\/partial-nephrectomy-training-kit\/","name":"Partial nephrectomy training kit - Urology3D","isPartOf":{"@id":"https:\/\/www.urology3d.com\/en\/#website"},"primaryImageOfPage":{"@id":"https:\/\/www.urology3d.com\/en\/producto\/partial-nephrectomy-training-kit\/#primaryimage"},"image":{"@id":"https:\/\/www.urology3d.com\/en\/producto\/partial-nephrectomy-training-kit\/#primaryimage"},"thumbnailUrl":"https:\/\/www.urology3d.com\/wp-content\/uploads\/2025\/05\/WhatsAppImage2023-11-06at12.31.14-e1757421221650.webp","datePublished":"2025-05-09T10:26:18+00:00","dateModified":"2025-10-31T11:43:42+00:00","description":"Kidney model, made of high-quality silicone and developed specifically for training in laparoscopic and robotic partial nephrectomy","breadcrumb":{"@id":"https:\/\/www.urology3d.com\/en\/producto\/partial-nephrectomy-training-kit\/#breadcrumb"},"inLanguage":"en-US","potentialAction":[{"@type":"ReadAction","target":["https:\/\/www.urology3d.com\/en\/producto\/partial-nephrectomy-training-kit\/"]}]},{"@type":"ImageObject","inLanguage":"en-US","@id":"https:\/\/www.urology3d.com\/en\/producto\/partial-nephrectomy-training-kit\/#primaryimage","url":"https:\/\/www.urology3d.com\/wp-content\/uploads\/2025\/05\/WhatsAppImage2023-11-06at12.31.14-e1757421221650.webp","contentUrl":"https:\/\/www.urology3d.com\/wp-content\/uploads\/2025\/05\/WhatsAppImage2023-11-06at12.31.14-e1757421221650.webp","width":860,"height":686},{"@type":"BreadcrumbList","@id":"https:\/\/www.urology3d.com\/en\/producto\/partial-nephrectomy-training-kit\/#breadcrumb","itemListElement":[{"@type":"ListItem","position":1,"name":"Portada","item":"https:\/\/www.urology3d.com\/en\/"},{"@type":"ListItem","position":2,"name":"Store","item":"https:\/\/www.urology3d.com\/tienda\/"},{"@type":"ListItem","position":3,"name":"Partial nephrectomy training kit"}]},{"@type":"WebSite","@id":"https:\/\/www.urology3d.com\/en\/#website","url":"https:\/\/www.urology3d.com\/en\/","name":"Urology3D","description":"Urology3D equipos y cursos de formaci\u00f3n quir\u00fargica para la urolog\u00eda","publisher":{"@id":"https:\/\/www.urology3d.com\/en\/#organization"},"potentialAction":[{"@type":"SearchAction","target":{"@type":"EntryPoint","urlTemplate":"https:\/\/www.urology3d.com\/en\/?s={search_term_string}"},"query-input":{"@type":"PropertyValueSpecification","valueRequired":true,"valueName":"search_term_string"}}],"inLanguage":"en-US"},{"@type":"Organization","@id":"https:\/\/www.urology3d.com\/en\/#organization","name":"Urology3D","url":"https:\/\/www.urology3d.com\/en\/","logo":{"@type":"ImageObject","inLanguage":"en-US","@id":"https:\/\/www.urology3d.com\/en\/#\/schema\/logo\/image\/","url":"https:\/\/www.urology3d.com\/wp-content\/uploads\/2025\/04\/Imagen1.webp","contentUrl":"https:\/\/www.urology3d.com\/wp-content\/uploads\/2025\/04\/Imagen1.webp","width":930,"height":210,"caption":"Urology3D"},"image":{"@id":"https:\/\/www.urology3d.com\/en\/#\/schema\/logo\/image\/"}}]}},"_links":{"self":[{"href":"https:\/\/www.urology3d.com\/en\/wp-json\/wp\/v2\/product\/2533","targetHints":{"allow":["GET"]}}],"collection":[{"href":"https:\/\/www.urology3d.com\/en\/wp-json\/wp\/v2\/product"}],"about":[{"href":"https:\/\/www.urology3d.com\/en\/wp-json\/wp\/v2\/types\/product"}],"version-history":[{"count":5,"href":"https:\/\/www.urology3d.com\/en\/wp-json\/wp\/v2\/product\/2533\/revisions"}],"predecessor-version":[{"id":4601,"href":"https:\/\/www.urology3d.com\/en\/wp-json\/wp\/v2\/product\/2533\/revisions\/4601"}],"wp:featuredmedia":[{"embeddable":true,"href":"https:\/\/www.urology3d.com\/en\/wp-json\/wp\/v2\/media\/1123"}],"wp:attachment":[{"href":"https:\/\/www.urology3d.com\/en\/wp-json\/wp\/v2\/media?parent=2533"}],"wp:term":[{"taxonomy":"product_brand","embeddable":true,"href":"https:\/\/www.urology3d.com\/en\/wp-json\/wp\/v2\/product_brand?post=2533"},{"taxonomy":"product_cat","embeddable":true,"href":"https:\/\/www.urology3d.com\/en\/wp-json\/wp\/v2\/product_cat?post=2533"},{"taxonomy":"product_tag","embeddable":true,"href":"https:\/\/www.urology3d.com\/en\/wp-json\/wp\/v2\/product_tag?post=2533"}],"curies":[{"name":"wp","href":"https:\/\/api.w.org\/{rel}","templated":true}]}}