{"id":1195,"date":"2025-05-09T12:49:08","date_gmt":"2025-05-09T10:49:08","guid":{"rendered":"https:\/\/ptmk.es\/tienda-online\/producto\/online-course-in-laparoscopic-partial-nephrectomy\/"},"modified":"2025-10-31T12:40:47","modified_gmt":"2025-10-31T11:40:47","slug":"in-person-course-in-laparoscopic-partial-nephrectomy","status":"publish","type":"product","link":"https:\/\/www.urology3d.com\/en\/producto\/in-person-course-in-laparoscopic-partial-nephrectomy\/","title":{"rendered":"In-person Course on Laparoscopic Partial Nephrectomy"},"content":{"rendered":"<p>The program combines<strong> brief theoretical sessions<\/strong> focused on anatomical and surgical fundamentals with <strong>practical modules supervised<\/strong> by expert surgeons. The experience is designed to <strong>shorten the learning curve<\/strong> and improve the safety and precision of the procedure in clinical practice. <\/p>\n","protected":false},"excerpt":{"rendered":"<p>Designed to offer <strong>intensive, hands-on training<\/strong> in both laparoscopic and robotic partial nephrectomy techniques. Through <strong>hands-on training with hyperrealistic anatomical model<\/strong>s, participants will be able to develop and refine their skills in renal resection and reconstruction in a safe and highly realistic environment. <strong>COMING SOON<\/strong> <\/p>\n","protected":false},"featured_media":3108,"template":"","meta":{"_acf_changed":false},"product_brand":[],"product_cat":[50],"product_tag":[],"class_list":{"0":"post-1195","1":"product","2":"type-product","3":"status-publish","4":"has-post-thumbnail","6":"product_cat-courses","8":"first","9":"outofstock","10":"taxable","11":"shipping-taxable","12":"purchasable","13":"product-type-simple"},"acf":[],"yoast_head":"<!-- This site is optimized with the Yoast SEO plugin v27.3 - https:\/\/yoast.com\/product\/yoast-seo-wordpress\/ -->\n<title>In-person Course on Laparoscopic Partial Nephrectomy - Urology3D<\/title>\n<meta name=\"description\" content=\"Designed to provide intensive hands-on training in both laparoscopic and robotic partial nephrectomy techniques.\" \/>\n<meta name=\"robots\" content=\"index, follow, max-snippet:-1, max-image-preview:large, max-video-preview:-1\" \/>\n<link rel=\"canonical\" href=\"https:\/\/www.urology3d.com\/en\/producto\/in-person-course-in-laparoscopic-partial-nephrectomy\/\" \/>\n<meta property=\"og:locale\" content=\"en_US\" \/>\n<meta property=\"og:type\" content=\"article\" \/>\n<meta property=\"og:title\" content=\"In-person Course on Laparoscopic Partial Nephrectomy\" \/>\n<meta property=\"og:description\" content=\"Designed to provide intensive hands-on training in both laparoscopic and robotic partial nephrectomy techniques.\" \/>\n<meta property=\"og:url\" content=\"https:\/\/www.urology3d.com\/en\/producto\/in-person-course-in-laparoscopic-partial-nephrectomy\/\" \/>\n<meta property=\"og:site_name\" content=\"Urology3D\" \/>\n<meta property=\"article:modified_time\" content=\"2025-10-31T11:40:47+00:00\" \/>\n<meta property=\"og:image\" content=\"https:\/\/urology3d.com\/wp-content\/uploads\/2025\/09\/Logo-uro-scaled.png\" \/>\n<meta name=\"twitter:card\" content=\"summary_large_image\" \/>\n<script type=\"application\/ld+json\" class=\"yoast-schema-graph\">{\"@context\":\"https:\\\/\\\/schema.org\",\"@graph\":[{\"@type\":\"WebPage\",\"@id\":\"https:\\\/\\\/www.urology3d.com\\\/en\\\/producto\\\/in-person-course-in-laparoscopic-partial-nephrectomy\\\/\",\"url\":\"https:\\\/\\\/www.urology3d.com\\\/en\\\/producto\\\/in-person-course-in-laparoscopic-partial-nephrectomy\\\/\",\"name\":\"In-person Course on Laparoscopic Partial Nephrectomy - Urology3D\",\"isPartOf\":{\"@id\":\"https:\\\/\\\/www.urology3d.com\\\/en\\\/#website\"},\"primaryImageOfPage\":{\"@id\":\"https:\\\/\\\/www.urology3d.com\\\/en\\\/producto\\\/in-person-course-in-laparoscopic-partial-nephrectomy\\\/#primaryimage\"},\"image\":{\"@id\":\"https:\\\/\\\/www.urology3d.com\\\/en\\\/producto\\\/in-person-course-in-laparoscopic-partial-nephrectomy\\\/#primaryimage\"},\"thumbnailUrl\":\"https:\\\/\\\/www.urology3d.com\\\/wp-content\\\/uploads\\\/2025\\\/05\\\/Foto-2-2.jpg\",\"datePublished\":\"2025-05-09T10:49:08+00:00\",\"dateModified\":\"2025-10-31T11:40:47+00:00\",\"description\":\"Designed to provide intensive hands-on training in both laparoscopic and robotic partial nephrectomy techniques.\",\"breadcrumb\":{\"@id\":\"https:\\\/\\\/www.urology3d.com\\\/en\\\/producto\\\/in-person-course-in-laparoscopic-partial-nephrectomy\\\/#breadcrumb\"},\"inLanguage\":\"en-US\",\"potentialAction\":[{\"@type\":\"ReadAction\",\"target\":[\"https:\\\/\\\/www.urology3d.com\\\/en\\\/producto\\\/in-person-course-in-laparoscopic-partial-nephrectomy\\\/\"]}]},{\"@type\":\"ImageObject\",\"inLanguage\":\"en-US\",\"@id\":\"https:\\\/\\\/www.urology3d.com\\\/en\\\/producto\\\/in-person-course-in-laparoscopic-partial-nephrectomy\\\/#primaryimage\",\"url\":\"https:\\\/\\\/www.urology3d.com\\\/wp-content\\\/uploads\\\/2025\\\/05\\\/Foto-2-2.jpg\",\"contentUrl\":\"https:\\\/\\\/www.urology3d.com\\\/wp-content\\\/uploads\\\/2025\\\/05\\\/Foto-2-2.jpg\",\"width\":1892,\"height\":1290},{\"@type\":\"BreadcrumbList\",\"@id\":\"https:\\\/\\\/www.urology3d.com\\\/en\\\/producto\\\/in-person-course-in-laparoscopic-partial-nephrectomy\\\/#breadcrumb\",\"itemListElement\":[{\"@type\":\"ListItem\",\"position\":1,\"name\":\"Portada\",\"item\":\"https:\\\/\\\/www.urology3d.com\\\/en\\\/\"},{\"@type\":\"ListItem\",\"position\":2,\"name\":\"Store\",\"item\":\"https:\\\/\\\/www.urology3d.com\\\/tienda\\\/\"},{\"@type\":\"ListItem\",\"position\":3,\"name\":\"In-person Course on Laparoscopic Partial Nephrectomy\"}]},{\"@type\":\"WebSite\",\"@id\":\"https:\\\/\\\/www.urology3d.com\\\/en\\\/#website\",\"url\":\"https:\\\/\\\/www.urology3d.com\\\/en\\\/\",\"name\":\"Urology3D\",\"description\":\"Urology3D equipos y cursos de formaci\u00f3n quir\u00fargica para la urolog\u00eda\",\"publisher\":{\"@id\":\"https:\\\/\\\/www.urology3d.com\\\/en\\\/#organization\"},\"potentialAction\":[{\"@type\":\"SearchAction\",\"target\":{\"@type\":\"EntryPoint\",\"urlTemplate\":\"https:\\\/\\\/www.urology3d.com\\\/en\\\/?s={search_term_string}\"},\"query-input\":{\"@type\":\"PropertyValueSpecification\",\"valueRequired\":true,\"valueName\":\"search_term_string\"}}],\"inLanguage\":\"en-US\"},{\"@type\":\"Organization\",\"@id\":\"https:\\\/\\\/www.urology3d.com\\\/en\\\/#organization\",\"name\":\"Urology3D\",\"url\":\"https:\\\/\\\/www.urology3d.com\\\/en\\\/\",\"logo\":{\"@type\":\"ImageObject\",\"inLanguage\":\"en-US\",\"@id\":\"https:\\\/\\\/www.urology3d.com\\\/en\\\/#\\\/schema\\\/logo\\\/image\\\/\",\"url\":\"https:\\\/\\\/www.urology3d.com\\\/wp-content\\\/uploads\\\/2025\\\/04\\\/Imagen1.webp\",\"contentUrl\":\"https:\\\/\\\/www.urology3d.com\\\/wp-content\\\/uploads\\\/2025\\\/04\\\/Imagen1.webp\",\"width\":930,\"height\":210,\"caption\":\"Urology3D\"},\"image\":{\"@id\":\"https:\\\/\\\/www.urology3d.com\\\/en\\\/#\\\/schema\\\/logo\\\/image\\\/\"}}]}<\/script>\n<!-- \/ Yoast SEO plugin. -->","yoast_head_json":{"title":"In-person Course on Laparoscopic Partial Nephrectomy - Urology3D","description":"Designed to provide intensive hands-on training in both laparoscopic and robotic partial nephrectomy techniques.","robots":{"index":"index","follow":"follow","max-snippet":"max-snippet:-1","max-image-preview":"max-image-preview:large","max-video-preview":"max-video-preview:-1"},"canonical":"https:\/\/www.urology3d.com\/en\/producto\/in-person-course-in-laparoscopic-partial-nephrectomy\/","og_locale":"en_US","og_type":"article","og_title":"In-person Course on Laparoscopic Partial Nephrectomy","og_description":"Designed to provide intensive hands-on training in both laparoscopic and robotic partial nephrectomy techniques.","og_url":"https:\/\/www.urology3d.com\/en\/producto\/in-person-course-in-laparoscopic-partial-nephrectomy\/","og_site_name":"Urology3D","article_modified_time":"2025-10-31T11:40:47+00:00","og_image":[{"url":"https:\/\/urology3d.com\/wp-content\/uploads\/2025\/09\/Logo-uro-scaled.png","type":"","width":"","height":""}],"twitter_card":"summary_large_image","schema":{"@context":"https:\/\/schema.org","@graph":[{"@type":"WebPage","@id":"https:\/\/www.urology3d.com\/en\/producto\/in-person-course-in-laparoscopic-partial-nephrectomy\/","url":"https:\/\/www.urology3d.com\/en\/producto\/in-person-course-in-laparoscopic-partial-nephrectomy\/","name":"In-person Course on Laparoscopic Partial Nephrectomy - Urology3D","isPartOf":{"@id":"https:\/\/www.urology3d.com\/en\/#website"},"primaryImageOfPage":{"@id":"https:\/\/www.urology3d.com\/en\/producto\/in-person-course-in-laparoscopic-partial-nephrectomy\/#primaryimage"},"image":{"@id":"https:\/\/www.urology3d.com\/en\/producto\/in-person-course-in-laparoscopic-partial-nephrectomy\/#primaryimage"},"thumbnailUrl":"https:\/\/www.urology3d.com\/wp-content\/uploads\/2025\/05\/Foto-2-2.jpg","datePublished":"2025-05-09T10:49:08+00:00","dateModified":"2025-10-31T11:40:47+00:00","description":"Designed to provide intensive hands-on training in both laparoscopic and robotic partial nephrectomy techniques.","breadcrumb":{"@id":"https:\/\/www.urology3d.com\/en\/producto\/in-person-course-in-laparoscopic-partial-nephrectomy\/#breadcrumb"},"inLanguage":"en-US","potentialAction":[{"@type":"ReadAction","target":["https:\/\/www.urology3d.com\/en\/producto\/in-person-course-in-laparoscopic-partial-nephrectomy\/"]}]},{"@type":"ImageObject","inLanguage":"en-US","@id":"https:\/\/www.urology3d.com\/en\/producto\/in-person-course-in-laparoscopic-partial-nephrectomy\/#primaryimage","url":"https:\/\/www.urology3d.com\/wp-content\/uploads\/2025\/05\/Foto-2-2.jpg","contentUrl":"https:\/\/www.urology3d.com\/wp-content\/uploads\/2025\/05\/Foto-2-2.jpg","width":1892,"height":1290},{"@type":"BreadcrumbList","@id":"https:\/\/www.urology3d.com\/en\/producto\/in-person-course-in-laparoscopic-partial-nephrectomy\/#breadcrumb","itemListElement":[{"@type":"ListItem","position":1,"name":"Portada","item":"https:\/\/www.urology3d.com\/en\/"},{"@type":"ListItem","position":2,"name":"Store","item":"https:\/\/www.urology3d.com\/tienda\/"},{"@type":"ListItem","position":3,"name":"In-person Course on Laparoscopic Partial Nephrectomy"}]},{"@type":"WebSite","@id":"https:\/\/www.urology3d.com\/en\/#website","url":"https:\/\/www.urology3d.com\/en\/","name":"Urology3D","description":"Urology3D equipos y cursos de formaci\u00f3n quir\u00fargica para la urolog\u00eda","publisher":{"@id":"https:\/\/www.urology3d.com\/en\/#organization"},"potentialAction":[{"@type":"SearchAction","target":{"@type":"EntryPoint","urlTemplate":"https:\/\/www.urology3d.com\/en\/?s={search_term_string}"},"query-input":{"@type":"PropertyValueSpecification","valueRequired":true,"valueName":"search_term_string"}}],"inLanguage":"en-US"},{"@type":"Organization","@id":"https:\/\/www.urology3d.com\/en\/#organization","name":"Urology3D","url":"https:\/\/www.urology3d.com\/en\/","logo":{"@type":"ImageObject","inLanguage":"en-US","@id":"https:\/\/www.urology3d.com\/en\/#\/schema\/logo\/image\/","url":"https:\/\/www.urology3d.com\/wp-content\/uploads\/2025\/04\/Imagen1.webp","contentUrl":"https:\/\/www.urology3d.com\/wp-content\/uploads\/2025\/04\/Imagen1.webp","width":930,"height":210,"caption":"Urology3D"},"image":{"@id":"https:\/\/www.urology3d.com\/en\/#\/schema\/logo\/image\/"}}]}},"_links":{"self":[{"href":"https:\/\/www.urology3d.com\/en\/wp-json\/wp\/v2\/product\/1195","targetHints":{"allow":["GET"]}}],"collection":[{"href":"https:\/\/www.urology3d.com\/en\/wp-json\/wp\/v2\/product"}],"about":[{"href":"https:\/\/www.urology3d.com\/en\/wp-json\/wp\/v2\/types\/product"}],"version-history":[{"count":9,"href":"https:\/\/www.urology3d.com\/en\/wp-json\/wp\/v2\/product\/1195\/revisions"}],"predecessor-version":[{"id":5219,"href":"https:\/\/www.urology3d.com\/en\/wp-json\/wp\/v2\/product\/1195\/revisions\/5219"}],"wp:featuredmedia":[{"embeddable":true,"href":"https:\/\/www.urology3d.com\/en\/wp-json\/wp\/v2\/media\/3108"}],"wp:attachment":[{"href":"https:\/\/www.urology3d.com\/en\/wp-json\/wp\/v2\/media?parent=1195"}],"wp:term":[{"taxonomy":"product_brand","embeddable":true,"href":"https:\/\/www.urology3d.com\/en\/wp-json\/wp\/v2\/product_brand?post=1195"},{"taxonomy":"product_cat","embeddable":true,"href":"https:\/\/www.urology3d.com\/en\/wp-json\/wp\/v2\/product_cat?post=1195"},{"taxonomy":"product_tag","embeddable":true,"href":"https:\/\/www.urology3d.com\/en\/wp-json\/wp\/v2\/product_tag?post=1195"}],"curies":[{"name":"wp","href":"https:\/\/api.w.org\/{rel}","templated":true}]}}