{"id":1217,"date":"2025-05-12T08:57:34","date_gmt":"2025-05-12T06:57:34","guid":{"rendered":"https:\/\/ptmk.es\/tienda-online\/about-us\/"},"modified":"2026-02-17T14:27:59","modified_gmt":"2026-02-17T13:27:59","slug":"about-us","status":"publish","type":"page","link":"https:\/\/www.urology3d.com\/en\/about-us\/","title":{"rendered":"About Us"},"content":{"rendered":"\t\t<div data-elementor-type=\"wp-page\" data-elementor-id=\"1217\" class=\"elementor elementor-1217 elementor-135\" data-elementor-post-type=\"page\">\n\t\t\t\t<div class=\"elementor-element elementor-element-dd07723 e-flex e-con-boxed wpr-particle-no wpr-jarallax-no wpr-parallax-no wpr-sticky-section-no e-con e-parent\" data-id=\"dd07723\" data-element_type=\"container\" data-e-type=\"container\" data-settings=\"{&quot;background_background&quot;:&quot;classic&quot;}\">\n\t\t\t\t\t<div class=\"e-con-inner\">\n\t\t\t\t<div class=\"elementor-element elementor-element-71fd538 elementor-widget elementor-widget-heading\" data-id=\"71fd538\" data-element_type=\"widget\" data-e-type=\"widget\" data-widget_type=\"heading.default\">\n\t\t\t\t<div class=\"elementor-widget-container\">\n\t\t\t\t\t<h1 class=\"elementor-heading-title elementor-size-default\">About Us<\/h1>\t\t\t\t<\/div>\n\t\t\t\t<\/div>\n\t\t\t\t\t<\/div>\n\t\t\t\t<\/div>\n\t\t<div class=\"elementor-element elementor-element-16a50562 e-flex e-con-boxed wpr-particle-no wpr-jarallax-no wpr-parallax-no wpr-sticky-section-no e-con e-parent\" data-id=\"16a50562\" data-element_type=\"container\" data-e-type=\"container\" data-settings=\"{&quot;background_background&quot;:&quot;classic&quot;}\">\n\t\t\t\t\t<div class=\"e-con-inner\">\n\t\t<div class=\"elementor-element elementor-element-8308eb e-flex e-con-boxed wpr-particle-no wpr-jarallax-no wpr-parallax-no wpr-sticky-section-no e-con e-child\" data-id=\"8308eb\" data-element_type=\"container\" data-e-type=\"container\">\n\t\t\t\t\t<div class=\"e-con-inner\">\n\t\t\t\t<div class=\"elementor-element elementor-element-5c4b8525 elementor-widget elementor-widget-heading\" data-id=\"5c4b8525\" data-element_type=\"widget\" data-e-type=\"widget\" data-widget_type=\"heading.default\">\n\t\t\t\t<div class=\"elementor-widget-container\">\n\t\t\t\t\t<h2 class=\"elementor-heading-title elementor-size-default\">WHO ARE WE?<\/h2>\t\t\t\t<\/div>\n\t\t\t\t<\/div>\n\t\t\t\t<div class=\"elementor-element elementor-element-657ab60 elementor-widget elementor-widget-text-editor\" data-id=\"657ab60\" data-element_type=\"widget\" data-e-type=\"widget\" data-widget_type=\"text-editor.default\">\n\t\t\t\t<div class=\"elementor-widget-container\">\n\t\t\t\t\t\t\t\t\t<p>Urology3D is a Spanish company specializing in <strong>surgical training through advanced simulation<\/strong> and the development of <strong>high-fidelity 3D anatomical models<\/strong>.<\/p><p>Our simulators have been created by <strong>experienced urologists and surgeons<\/strong>, using hyper-realistic materials that accurately reproduce real surgical anatomy and sensations. Thanks to their quality, they allow professionals to train and perfect their skills in a safe, reproducible environment that closely resembles clinical practice. <\/p><p>Our goal is to offer precise and accessible training in minimally invasive techniques such as <strong>laparoscopy, robotic surgery, and endourology<\/strong>, thereby contributing to improved patient safety and clinical excellence.<\/p><p>We support professionals throughout all stages of their development, <strong>promoting innovative, practical, and top-quality training<\/strong> that faithfully reproduces surgical reality. We believe that training with realistic models is essential to preparing the surgeons of today and tomorrow. <\/p>\t\t\t\t\t\t\t\t<\/div>\n\t\t\t\t<\/div>\n\t\t\t\t<div class=\"elementor-element elementor-element-777b0b3 elementor-widget elementor-widget-heading\" data-id=\"777b0b3\" data-element_type=\"widget\" data-e-type=\"widget\" data-widget_type=\"heading.default\">\n\t\t\t\t<div class=\"elementor-widget-container\">\n\t\t\t\t\t<h2 class=\"elementor-heading-title elementor-size-default\">MEET OUR TEAM<\/h2>\t\t\t\t<\/div>\n\t\t\t\t<\/div>\n\t\t\t\t\t<\/div>\n\t\t\t\t<\/div>\n\t\t<div class=\"elementor-element elementor-element-682cd98e e-con-full e-flex wpr-particle-no wpr-jarallax-no wpr-parallax-no wpr-sticky-section-no e-con e-child\" data-id=\"682cd98e\" data-element_type=\"container\" data-e-type=\"container\">\n\t\t<div class=\"elementor-element elementor-element-3ea75ef e-con-full e-flex wpr-particle-no wpr-jarallax-no wpr-parallax-no wpr-sticky-section-no e-con e-child\" data-id=\"3ea75ef\" data-element_type=\"container\" data-e-type=\"container\">\n\t\t\t\t<div class=\"elementor-element elementor-element-9f85677 wpr-team-member-divider-center wpr-team-member-social-media-center elementor-widget elementor-widget-wpr-team-member\" data-id=\"9f85677\" data-element_type=\"widget\" data-e-type=\"widget\" data-widget_type=\"wpr-team-member.default\">\n\t\t\t\t<div class=\"elementor-widget-container\">\n\t\t\t\t\t\n\t<div class=\"wpr-team-member\">\n\t\t\t\t\t\n\t\t\t<div class=\"wpr-member-media\">\n\t\t\t\t<div class=\"wpr-member-image\">\n\t\t\t\t\t<img decoding=\"async\" src=\"https:\/\/www.urology3d.com\/wp-content\/uploads\/2026\/01\/Dra.-Esther-Garcia-Rojo.png\" alt=\"Dra. Esther Garc\u00eda Rojo\">\n\t\t\t\t<\/div>\n\t\t\t\t\t\t\t<\/div>\n\t\t\t\t\n\t\t\n\t\t<div class=\"wpr-member-content\">\n\t\t\t<h3 class=\"wpr-member-name\">Dra. Esther Garc\u00eda Rojo<\/h3>\n\t\t\t\n\t\t\t\t\t\t\t<div class=\"wpr-member-job\">Director - Urologist<\/div>\n\t\t\t\n\t\t\t\t\t\t\t<div class=\"wpr-member-divider\"><\/div>\n\t\t\t\n\t\t\t\t\t\t\t<div class=\"wpr-member-description\">Urologist expert in Kidney Cancer, Uro-Oncology, Andrology and Reconstructive Surgery in ROC Clinic and HM Hospitals in Madrid.<\/div>\n\t\t\t\t\t\t\n\t\t\t\n\t\t<div class=\"wpr-member-social-media\">\n\t\t\t\n\t\t\t\t\t\n\t\t\t\n\t\t\t\t\t\t\t<a href=\"https:\/\/www.linkedin.com\/in\/esther-garcia-rojo-a613b1164\/%20\" class=\"wpr-member-social\" target=\"_blank\">\n\t\t\t\t\t<svg aria-hidden=\"true\" class=\"e-font-icon-svg e-fab-linkedin-in\" viewBox=\"0 0 448 512\" xmlns=\"http:\/\/www.w3.org\/2000\/svg\"><path d=\"M100.28 448H7.4V148.9h92.88zM53.79 108.1C24.09 108.1 0 83.5 0 53.8a53.79 53.79 0 0 1 107.58 0c0 29.7-24.1 54.3-53.79 54.3zM447.9 448h-92.68V302.4c0-34.7-.7-79.2-48.29-79.2-48.29 0-55.69 37.7-55.69 76.7V448h-92.78V148.9h89.08v40.8h1.3c12.4-23.5 42.69-48.3 87.88-48.3 94 0 111.28 61.9 111.28 142.3V448z\"><\/path><\/svg>\t\t\t\t<\/a>\n\t\t\t\n\t\t\t\n\t\t\t\n\t\t<\/div>\n\t\t\n\t\t\t\t<\/div>\n\n\t\t\t<\/div>\n\n\t\t\t\t\t<\/div>\n\t\t\t\t<\/div>\n\t\t\t\t<\/div>\n\t\t<div class=\"elementor-element elementor-element-e959392 e-con-full e-flex wpr-particle-no wpr-jarallax-no wpr-parallax-no wpr-sticky-section-no e-con e-child\" data-id=\"e959392\" data-element_type=\"container\" data-e-type=\"container\">\n\t\t\t\t<div class=\"elementor-element elementor-element-0da8eb4 wpr-team-member-divider-center wpr-team-member-social-media-center elementor-widget elementor-widget-wpr-team-member\" data-id=\"0da8eb4\" data-element_type=\"widget\" data-e-type=\"widget\" data-widget_type=\"wpr-team-member.default\">\n\t\t\t\t<div class=\"elementor-widget-container\">\n\t\t\t\t\t\n\t<div class=\"wpr-team-member\">\n\t\t\t\t\t\n\t\t\t<div class=\"wpr-member-media\">\n\t\t\t\t<div class=\"wpr-member-image\">\n\t\t\t\t\t<img decoding=\"async\" src=\"https:\/\/www.urology3d.com\/wp-content\/uploads\/2025\/10\/Dr.-Javier-Romero-Otero.jpg\" alt=\"Dr. Javier Romero-0tero\">\n\t\t\t\t<\/div>\n\t\t\t\t\t\t\t<\/div>\n\t\t\t\t\n\t\t\n\t\t<div class=\"wpr-member-content\">\n\t\t\t<h3 class=\"wpr-member-name\">Dr. Javier Romero-0tero<\/h3>\n\t\t\t\n\t\t\t\t\t\t\t<div class=\"wpr-member-job\">Coordinator - Urologist<\/div>\n\t\t\t\n\t\t\t\t\t\t\t<div class=\"wpr-member-divider\"><\/div>\n\t\t\t\n\t\t\t\t\t\t\t<div class=\"wpr-member-description\">Director of ROC Clinic and director of the Urology Service of HM Hospitales in Madrid.<\/div>\n\t\t\t\t\t\t\n\t\t\t\n\t\t<div class=\"wpr-member-social-media\">\n\t\t\t\n\t\t\t\t\t\n\t\t\t\n\t\t\t\t\t\t\t<a href=\"https:\/\/www.linkedin.com\/in\/javier-romero-otero-71033161\/\" class=\"wpr-member-social\" target=\"_blank\">\n\t\t\t\t\t<svg aria-hidden=\"true\" class=\"e-font-icon-svg e-fab-linkedin-in\" viewBox=\"0 0 448 512\" xmlns=\"http:\/\/www.w3.org\/2000\/svg\"><path d=\"M100.28 448H7.4V148.9h92.88zM53.79 108.1C24.09 108.1 0 83.5 0 53.8a53.79 53.79 0 0 1 107.58 0c0 29.7-24.1 54.3-53.79 54.3zM447.9 448h-92.68V302.4c0-34.7-.7-79.2-48.29-79.2-48.29 0-55.69 37.7-55.69 76.7V448h-92.78V148.9h89.08v40.8h1.3c12.4-23.5 42.69-48.3 87.88-48.3 94 0 111.28 61.9 111.28 142.3V448z\"><\/path><\/svg>\t\t\t\t<\/a>\n\t\t\t\n\t\t\t\n\t\t\t\n\t\t<\/div>\n\t\t\n\t\t\t\t<\/div>\n\n\t\t\t<\/div>\n\n\t\t\t\t\t<\/div>\n\t\t\t\t<\/div>\n\t\t\t\t<\/div>\n\t\t<div class=\"elementor-element elementor-element-708604f e-con-full e-flex wpr-particle-no wpr-jarallax-no wpr-parallax-no wpr-sticky-section-no e-con e-child\" data-id=\"708604f\" data-element_type=\"container\" data-e-type=\"container\">\n\t\t\t\t<div class=\"elementor-element elementor-element-b686772 wpr-team-member-divider-center wpr-team-member-social-media-center elementor-widget elementor-widget-wpr-team-member\" data-id=\"b686772\" data-element_type=\"widget\" data-e-type=\"widget\" data-widget_type=\"wpr-team-member.default\">\n\t\t\t\t<div class=\"elementor-widget-container\">\n\t\t\t\t\t\n\t<div class=\"wpr-team-member\">\n\t\t\t\t\t\n\t\t\t<div class=\"wpr-member-media\">\n\t\t\t\t<div class=\"wpr-member-image\">\n\t\t\t\t\t<img decoding=\"async\" src=\"https:\/\/www.urology3d.com\/wp-content\/uploads\/2025\/12\/Captura-de-pantalla-2025-12-19-a-las-8.31.05.png\" alt=\"Dr. Ricardo Brime Men\u00e9ndez\">\n\t\t\t\t<\/div>\n\t\t\t\t\t\t\t<\/div>\n\t\t\t\t\n\t\t\n\t\t<div class=\"wpr-member-content\">\n\t\t\t<h3 class=\"wpr-member-name\">Dr. Ricardo Brime Men\u00e9ndez<\/h3>\n\t\t\t\n\t\t\t\t\t\t\t<div class=\"wpr-member-job\">Head of training - Urologist<\/div>\n\t\t\t\n\t\t\t\t\t\t\t<div class=\"wpr-member-divider\"><\/div>\n\t\t\t\n\t\t\t\t\t\t\t<div class=\"wpr-member-description\">Head of the Robotic Urology Surgery Unit at ROC Clinic and HM Hospitales in Madrid.<\/div>\n\t\t\t\t\t\t\n\t\t\t\n\t\t<div class=\"wpr-member-social-media\">\n\t\t\t\n\t\t\t\t\t\n\t\t\t\n\t\t\t\t\t\t\t<a href=\"https:\/\/www.linkedin.com\/in\/ricardo-brime-men%C3%A9ndez-827150166\/?originalSubdomain=es\" class=\"wpr-member-social\" target=\"_blank\">\n\t\t\t\t\t<svg aria-hidden=\"true\" class=\"e-font-icon-svg e-fab-linkedin-in\" viewBox=\"0 0 448 512\" xmlns=\"http:\/\/www.w3.org\/2000\/svg\"><path d=\"M100.28 448H7.4V148.9h92.88zM53.79 108.1C24.09 108.1 0 83.5 0 53.8a53.79 53.79 0 0 1 107.58 0c0 29.7-24.1 54.3-53.79 54.3zM447.9 448h-92.68V302.4c0-34.7-.7-79.2-48.29-79.2-48.29 0-55.69 37.7-55.69 76.7V448h-92.78V148.9h89.08v40.8h1.3c12.4-23.5 42.69-48.3 87.88-48.3 94 0 111.28 61.9 111.28 142.3V448z\"><\/path><\/svg>\t\t\t\t<\/a>\n\t\t\t\n\t\t\t\n\t\t\t\n\t\t<\/div>\n\t\t\n\t\t\t\t<\/div>\n\n\t\t\t<\/div>\n\n\t\t\t\t\t<\/div>\n\t\t\t\t<\/div>\n\t\t\t\t<\/div>\n\t\t<div class=\"elementor-element elementor-element-36046d6 e-con-full e-flex wpr-particle-no wpr-jarallax-no wpr-parallax-no wpr-sticky-section-no e-con e-child\" data-id=\"36046d6\" data-element_type=\"container\" data-e-type=\"container\">\n\t\t\t\t<div class=\"elementor-element elementor-element-850d729 wpr-team-member-divider-center wpr-team-member-social-media-center elementor-widget elementor-widget-wpr-team-member\" data-id=\"850d729\" data-element_type=\"widget\" data-e-type=\"widget\" data-widget_type=\"wpr-team-member.default\">\n\t\t\t\t<div class=\"elementor-widget-container\">\n\t\t\t\t\t\n\t<div class=\"wpr-team-member\">\n\t\t\t\t\t\n\t\t\t<div class=\"wpr-member-media\">\n\t\t\t\t<div class=\"wpr-member-image\">\n\t\t\t\t\t<img decoding=\"async\" src=\"https:\/\/www.urology3d.com\/wp-content\/uploads\/2025\/08\/Dr.-Vital-Hevia-Palacios-e1755694685590.jpg\" alt=\"Dr. Vital Hevia Palacios\">\n\t\t\t\t<\/div>\n\t\t\t\t\t\t\t<\/div>\n\t\t\t\t\n\t\t\n\t\t<div class=\"wpr-member-content\">\n\t\t\t<h3 class=\"wpr-member-name\">Dr. Vital Hevia Palacios<\/h3>\n\t\t\t\n\t\t\t\t\t\t\t<div class=\"wpr-member-job\">Colaborator - Urologist<\/div>\n\t\t\t\n\t\t\t\t\t\t\t<div class=\"wpr-member-divider\"><\/div>\n\t\t\t\n\t\t\t\t\t\t\t<div class=\"wpr-member-description\">Head of the Renal Cancer Unit at ROC Clinic and HM Hospitales in Madrid. Medical Director at ROC Clinic.   <\/div>\n\t\t\t\t\t\t\n\t\t\t\n\t\t<div class=\"wpr-member-social-media\">\n\t\t\t\n\t\t\t\t\t\n\t\t\t\n\t\t\t\t\t\t\t<a href=\"https:\/\/www.linkedin.com\/in\/vital-hevia-3b568b8b\/\" class=\"wpr-member-social\" target=\"_blank\">\n\t\t\t\t\t<svg aria-hidden=\"true\" class=\"e-font-icon-svg e-fab-linkedin-in\" viewBox=\"0 0 448 512\" xmlns=\"http:\/\/www.w3.org\/2000\/svg\"><path d=\"M100.28 448H7.4V148.9h92.88zM53.79 108.1C24.09 108.1 0 83.5 0 53.8a53.79 53.79 0 0 1 107.58 0c0 29.7-24.1 54.3-53.79 54.3zM447.9 448h-92.68V302.4c0-34.7-.7-79.2-48.29-79.2-48.29 0-55.69 37.7-55.69 76.7V448h-92.78V148.9h89.08v40.8h1.3c12.4-23.5 42.69-48.3 87.88-48.3 94 0 111.28 61.9 111.28 142.3V448z\"><\/path><\/svg>\t\t\t\t<\/a>\n\t\t\t\n\t\t\t\n\t\t\t\n\t\t<\/div>\n\t\t\n\t\t\t\t<\/div>\n\n\t\t\t<\/div>\n\n\t\t\t\t\t<\/div>\n\t\t\t\t<\/div>\n\t\t\t\t<\/div>\n\t\t\t\t<\/div>\n\t\t\t\t\t<\/div>\n\t\t\t\t<\/div>\n\t\t\t\t<\/div>\n\t\t","protected":false},"excerpt":{"rendered":"<p>About Us WHO ARE WE? Urology3D is a Spanish company specializing in surgical training through advanced simulation and the development of high-fidelity 3D anatomical models. Our simulators have been created by experienced urologists and surgeons, using hyper-realistic materials that accurately reproduce real surgical anatomy and sensations. Thanks to their quality, they allow professionals to train and perfect their skills in a safe, reproducible environment that closely resembles clinical practice. Our goal is to offer precise and accessible training in minimally invasive techniques such as laparoscopy, robotic surgery, and endourology, thereby contributing to improved patient safety and clinical excellence. We support professionals throughout all stages of their development, promoting innovative, practical, and top-quality training that faithfully reproduces surgical reality. We believe that training with realistic models is essential to preparing the surgeons of today and tomorrow. MEET OUR TEAM Dra. Esther Garc\u00eda Rojo Director &#8211; Urologist Urologist expert in Kidney Cancer, Uro-Oncology, Andrology and Reconstructive Surgery in ROC Clinic and HM Hospitals in Madrid. Dr. Javier Romero-0tero Coordinator &#8211; Urologist Director of ROC Clinic and director of the Urology Service of HM Hospitales in Madrid. Dr. Ricardo Brime Men\u00e9ndez Head of training &#8211; Urologist Head of the Robotic Urology Surgery Unit at ROC Clinic and HM Hospitales in Madrid. Dr. Vital Hevia Palacios Colaborator &#8211; Urologist Head of the Renal Cancer Unit at ROC Clinic and HM Hospitales in Madrid. Medical Director at ROC Clinic.<\/p>\n","protected":false},"author":2,"featured_media":4614,"parent":0,"menu_order":0,"comment_status":"closed","ping_status":"closed","template":"","meta":{"_acf_changed":false,"footnotes":""},"class_list":["post-1217","page","type-page","status-publish","has-post-thumbnail","hentry"],"acf":[],"yoast_head":"<!-- This site is optimized with the Yoast SEO plugin v27.3 - https:\/\/yoast.com\/product\/yoast-seo-wordpress\/ -->\n<title>Specialists in surgical training through advanced simulation - Urology3D<\/title>\n<meta name=\"description\" content=\"At Urology3D, we specialize in surgical training through advanced simulation and in the development of 3D anatomical models.\" \/>\n<meta name=\"robots\" content=\"index, follow, max-snippet:-1, max-image-preview:large, max-video-preview:-1\" \/>\n<link rel=\"canonical\" href=\"https:\/\/www.urology3d.com\/en\/about-us\/\" \/>\n<meta property=\"og:locale\" content=\"en_US\" \/>\n<meta property=\"og:type\" content=\"article\" \/>\n<meta property=\"og:title\" content=\"Specialists in surgical training through advanced simulation - Urology3D\" \/>\n<meta property=\"og:description\" content=\"At Urology3D, we specialize in surgical training through advanced simulation and in the development of 3D anatomical models.\" \/>\n<meta property=\"og:url\" content=\"https:\/\/www.urology3d.com\/en\/about-us\/\" \/>\n<meta property=\"og:site_name\" content=\"Urology3D\" \/>\n<meta property=\"article:modified_time\" content=\"2026-02-17T13:27:59+00:00\" \/>\n<meta property=\"og:image\" content=\"https:\/\/urology3d.com\/wp-content\/uploads\/2025\/09\/Logo-uro-scaled.png\" \/>\n<meta name=\"twitter:card\" content=\"summary_large_image\" \/>\n<meta name=\"twitter:label1\" content=\"Est. reading time\" \/>\n\t<meta name=\"twitter:data1\" content=\"1 minute\" \/>\n<script type=\"application\/ld+json\" class=\"yoast-schema-graph\">{\"@context\":\"https:\\\/\\\/schema.org\",\"@graph\":[{\"@type\":\"WebPage\",\"@id\":\"https:\\\/\\\/www.urology3d.com\\\/en\\\/about-us\\\/\",\"url\":\"https:\\\/\\\/www.urology3d.com\\\/en\\\/about-us\\\/\",\"name\":\"Specialists in surgical training through advanced simulation - Urology3D\",\"isPartOf\":{\"@id\":\"https:\\\/\\\/www.urology3d.com\\\/en\\\/#website\"},\"primaryImageOfPage\":{\"@id\":\"https:\\\/\\\/www.urology3d.com\\\/en\\\/about-us\\\/#primaryimage\"},\"image\":{\"@id\":\"https:\\\/\\\/www.urology3d.com\\\/en\\\/about-us\\\/#primaryimage\"},\"thumbnailUrl\":\"https:\\\/\\\/www.urology3d.com\\\/wp-content\\\/uploads\\\/2025\\\/10\\\/prostasim01-scaled.webp\",\"datePublished\":\"2025-05-12T06:57:34+00:00\",\"dateModified\":\"2026-02-17T13:27:59+00:00\",\"description\":\"At Urology3D, we specialize in surgical training through advanced simulation and in the development of 3D anatomical models.\",\"breadcrumb\":{\"@id\":\"https:\\\/\\\/www.urology3d.com\\\/en\\\/about-us\\\/#breadcrumb\"},\"inLanguage\":\"en-US\",\"potentialAction\":[{\"@type\":\"ReadAction\",\"target\":[\"https:\\\/\\\/www.urology3d.com\\\/en\\\/about-us\\\/\"]}]},{\"@type\":\"ImageObject\",\"inLanguage\":\"en-US\",\"@id\":\"https:\\\/\\\/www.urology3d.com\\\/en\\\/about-us\\\/#primaryimage\",\"url\":\"https:\\\/\\\/www.urology3d.com\\\/wp-content\\\/uploads\\\/2025\\\/10\\\/prostasim01-scaled.webp\",\"contentUrl\":\"https:\\\/\\\/www.urology3d.com\\\/wp-content\\\/uploads\\\/2025\\\/10\\\/prostasim01-scaled.webp\",\"width\":2560,\"height\":2560},{\"@type\":\"BreadcrumbList\",\"@id\":\"https:\\\/\\\/www.urology3d.com\\\/en\\\/about-us\\\/#breadcrumb\",\"itemListElement\":[{\"@type\":\"ListItem\",\"position\":1,\"name\":\"Portada\",\"item\":\"https:\\\/\\\/www.urology3d.com\\\/en\\\/\"},{\"@type\":\"ListItem\",\"position\":2,\"name\":\"About Us\"}]},{\"@type\":\"WebSite\",\"@id\":\"https:\\\/\\\/www.urology3d.com\\\/en\\\/#website\",\"url\":\"https:\\\/\\\/www.urology3d.com\\\/en\\\/\",\"name\":\"Urology3D\",\"description\":\"Urology3D equipos y cursos de formaci\u00f3n quir\u00fargica para la urolog\u00eda\",\"publisher\":{\"@id\":\"https:\\\/\\\/www.urology3d.com\\\/en\\\/#organization\"},\"potentialAction\":[{\"@type\":\"SearchAction\",\"target\":{\"@type\":\"EntryPoint\",\"urlTemplate\":\"https:\\\/\\\/www.urology3d.com\\\/en\\\/?s={search_term_string}\"},\"query-input\":{\"@type\":\"PropertyValueSpecification\",\"valueRequired\":true,\"valueName\":\"search_term_string\"}}],\"inLanguage\":\"en-US\"},{\"@type\":\"Organization\",\"@id\":\"https:\\\/\\\/www.urology3d.com\\\/en\\\/#organization\",\"name\":\"Urology3D\",\"url\":\"https:\\\/\\\/www.urology3d.com\\\/en\\\/\",\"logo\":{\"@type\":\"ImageObject\",\"inLanguage\":\"en-US\",\"@id\":\"https:\\\/\\\/www.urology3d.com\\\/en\\\/#\\\/schema\\\/logo\\\/image\\\/\",\"url\":\"https:\\\/\\\/www.urology3d.com\\\/wp-content\\\/uploads\\\/2025\\\/04\\\/Imagen1.webp\",\"contentUrl\":\"https:\\\/\\\/www.urology3d.com\\\/wp-content\\\/uploads\\\/2025\\\/04\\\/Imagen1.webp\",\"width\":930,\"height\":210,\"caption\":\"Urology3D\"},\"image\":{\"@id\":\"https:\\\/\\\/www.urology3d.com\\\/en\\\/#\\\/schema\\\/logo\\\/image\\\/\"}}]}<\/script>\n<!-- \/ Yoast SEO plugin. -->","yoast_head_json":{"title":"Specialists in surgical training through advanced simulation - Urology3D","description":"At Urology3D, we specialize in surgical training through advanced simulation and in the development of 3D anatomical models.","robots":{"index":"index","follow":"follow","max-snippet":"max-snippet:-1","max-image-preview":"max-image-preview:large","max-video-preview":"max-video-preview:-1"},"canonical":"https:\/\/www.urology3d.com\/en\/about-us\/","og_locale":"en_US","og_type":"article","og_title":"Specialists in surgical training through advanced simulation - Urology3D","og_description":"At Urology3D, we specialize in surgical training through advanced simulation and in the development of 3D anatomical models.","og_url":"https:\/\/www.urology3d.com\/en\/about-us\/","og_site_name":"Urology3D","article_modified_time":"2026-02-17T13:27:59+00:00","og_image":[{"url":"https:\/\/urology3d.com\/wp-content\/uploads\/2025\/09\/Logo-uro-scaled.png","type":"","width":"","height":""}],"twitter_card":"summary_large_image","twitter_misc":{"Est. reading time":"1 minute"},"schema":{"@context":"https:\/\/schema.org","@graph":[{"@type":"WebPage","@id":"https:\/\/www.urology3d.com\/en\/about-us\/","url":"https:\/\/www.urology3d.com\/en\/about-us\/","name":"Specialists in surgical training through advanced simulation - Urology3D","isPartOf":{"@id":"https:\/\/www.urology3d.com\/en\/#website"},"primaryImageOfPage":{"@id":"https:\/\/www.urology3d.com\/en\/about-us\/#primaryimage"},"image":{"@id":"https:\/\/www.urology3d.com\/en\/about-us\/#primaryimage"},"thumbnailUrl":"https:\/\/www.urology3d.com\/wp-content\/uploads\/2025\/10\/prostasim01-scaled.webp","datePublished":"2025-05-12T06:57:34+00:00","dateModified":"2026-02-17T13:27:59+00:00","description":"At Urology3D, we specialize in surgical training through advanced simulation and in the development of 3D anatomical models.","breadcrumb":{"@id":"https:\/\/www.urology3d.com\/en\/about-us\/#breadcrumb"},"inLanguage":"en-US","potentialAction":[{"@type":"ReadAction","target":["https:\/\/www.urology3d.com\/en\/about-us\/"]}]},{"@type":"ImageObject","inLanguage":"en-US","@id":"https:\/\/www.urology3d.com\/en\/about-us\/#primaryimage","url":"https:\/\/www.urology3d.com\/wp-content\/uploads\/2025\/10\/prostasim01-scaled.webp","contentUrl":"https:\/\/www.urology3d.com\/wp-content\/uploads\/2025\/10\/prostasim01-scaled.webp","width":2560,"height":2560},{"@type":"BreadcrumbList","@id":"https:\/\/www.urology3d.com\/en\/about-us\/#breadcrumb","itemListElement":[{"@type":"ListItem","position":1,"name":"Portada","item":"https:\/\/www.urology3d.com\/en\/"},{"@type":"ListItem","position":2,"name":"About Us"}]},{"@type":"WebSite","@id":"https:\/\/www.urology3d.com\/en\/#website","url":"https:\/\/www.urology3d.com\/en\/","name":"Urology3D","description":"Urology3D equipos y cursos de formaci\u00f3n quir\u00fargica para la urolog\u00eda","publisher":{"@id":"https:\/\/www.urology3d.com\/en\/#organization"},"potentialAction":[{"@type":"SearchAction","target":{"@type":"EntryPoint","urlTemplate":"https:\/\/www.urology3d.com\/en\/?s={search_term_string}"},"query-input":{"@type":"PropertyValueSpecification","valueRequired":true,"valueName":"search_term_string"}}],"inLanguage":"en-US"},{"@type":"Organization","@id":"https:\/\/www.urology3d.com\/en\/#organization","name":"Urology3D","url":"https:\/\/www.urology3d.com\/en\/","logo":{"@type":"ImageObject","inLanguage":"en-US","@id":"https:\/\/www.urology3d.com\/en\/#\/schema\/logo\/image\/","url":"https:\/\/www.urology3d.com\/wp-content\/uploads\/2025\/04\/Imagen1.webp","contentUrl":"https:\/\/www.urology3d.com\/wp-content\/uploads\/2025\/04\/Imagen1.webp","width":930,"height":210,"caption":"Urology3D"},"image":{"@id":"https:\/\/www.urology3d.com\/en\/#\/schema\/logo\/image\/"}}]}},"_links":{"self":[{"href":"https:\/\/www.urology3d.com\/en\/wp-json\/wp\/v2\/pages\/1217","targetHints":{"allow":["GET"]}}],"collection":[{"href":"https:\/\/www.urology3d.com\/en\/wp-json\/wp\/v2\/pages"}],"about":[{"href":"https:\/\/www.urology3d.com\/en\/wp-json\/wp\/v2\/types\/page"}],"author":[{"embeddable":true,"href":"https:\/\/www.urology3d.com\/en\/wp-json\/wp\/v2\/users\/2"}],"replies":[{"embeddable":true,"href":"https:\/\/www.urology3d.com\/en\/wp-json\/wp\/v2\/comments?post=1217"}],"version-history":[{"count":21,"href":"https:\/\/www.urology3d.com\/en\/wp-json\/wp\/v2\/pages\/1217\/revisions"}],"predecessor-version":[{"id":5506,"href":"https:\/\/www.urology3d.com\/en\/wp-json\/wp\/v2\/pages\/1217\/revisions\/5506"}],"wp:featuredmedia":[{"embeddable":true,"href":"https:\/\/www.urology3d.com\/en\/wp-json\/wp\/v2\/media\/4614"}],"wp:attachment":[{"href":"https:\/\/www.urology3d.com\/en\/wp-json\/wp\/v2\/media?parent=1217"}],"curies":[{"name":"wp","href":"https:\/\/api.w.org\/{rel}","templated":true}]}}